{"id":754,"date":"2018-01-29T20:05:21","date_gmt":"2018-01-29T22:05:21","guid":{"rendered":"http:\/\/geminisufscar.com.br\/especializacao\/?page_id=754"},"modified":"2021-12-31T11:27:44","modified_gmt":"2021-12-31T14:27:44","slug":"faq","status":"publish","type":"page","link":"http:\/\/geminisufscar.com.br\/especializacao\/faq\/","title":{"rendered":"FAQ"},"content":{"rendered":"<div class=\"su-accordion su-u-trim\">\n<div class=\"su-spoiler su-spoiler-style-fancy su-spoiler-icon-plus su-spoiler-closed\" data-scroll-offset=\"0\" data-anchor-in-url=\"no\"><div class=\"su-spoiler-title\" tabindex=\"0\" role=\"button\"><span class=\"su-spoiler-icon\"><\/span><b>1 - Qual a carga hor\u00e1ria total do curso?<\/b><\/div><div class=\"su-spoiler-content su-u-clearfix su-u-trim\">360 horas, com disciplinas ministradas durante 18 meses.<\/div><\/div>\n<div class=\"su-spoiler su-spoiler-style-fancy su-spoiler-icon-plus su-spoiler-closed\" data-scroll-offset=\"0\" data-anchor-in-url=\"no\"><div class=\"su-spoiler-title\" tabindex=\"0\" role=\"button\"><span class=\"su-spoiler-icon\"><\/span><b>2 - Quando acontecem as aulas?<\/b><\/div><div class=\"su-spoiler-content su-u-clearfix su-u-trim\">As aulas s\u00e3o quinzenais, sempre aos s\u00e1bados, das 9h \u00e0s 13h e das 14h \u00e0s 18h. <\/div><\/div>\n<div class=\"su-spoiler su-spoiler-style-fancy su-spoiler-icon-plus su-spoiler-closed\" data-scroll-offset=\"0\" data-anchor-in-url=\"no\"><div class=\"su-spoiler-title\" tabindex=\"0\" role=\"button\"><span class=\"su-spoiler-icon\"><\/span><b>3 - Qual a dura\u00e7\u00e3o do curso?<\/b><\/div><div class=\"su-spoiler-content su-u-clearfix su-u-trim\">Dura\u00e7\u00e3o de 18 meses, sendo os dois primeiros semestres de aulas (realizadas online durante a pandemia), e o terceiro semestre destinado ao Trabalho de Conclus\u00e3o do Curso, que consiste na produ\u00e7\u00e3o de uma monografia. Conhe\u00e7a a estrutura curricular do curso <a href=\"http:\/\/geminisufscar.com.br\/especializacao\/estrutura-curricular\/\">aqui<\/a>. <\/div><\/div>\n<div class=\"su-spoiler su-spoiler-style-fancy su-spoiler-icon-plus su-spoiler-closed\" data-scroll-offset=\"0\" data-anchor-in-url=\"no\"><div class=\"su-spoiler-title\" tabindex=\"0\" role=\"button\"><span class=\"su-spoiler-icon\"><\/span><b>4 - Quem faz parte do corpo docente do curso?<\/b><\/div><div class=\"su-spoiler-content su-u-clearfix su-u-trim\">\u00a0O corpo docente \u00e9 formado por docentes da UFSCar e de outras institui\u00e7\u00f5es de ensino superior, com atua\u00e7\u00e3o em \u00e1reas diversas da comunica\u00e7\u00e3o. Conhe\u00e7a o corpo docente do curso <a href=\"http:\/\/geminisufscar.com.br\/especializacao\/corpo-docente\/\">aqui<\/a>. <\/div><\/div>\n<div class=\"su-spoiler su-spoiler-style-fancy su-spoiler-icon-plus su-spoiler-closed\" data-scroll-offset=\"0\" data-anchor-in-url=\"no\"><div class=\"su-spoiler-title\" tabindex=\"0\" role=\"button\"><span class=\"su-spoiler-icon\"><\/span><b>5 - Onde fica a secretaria do curso e como entro em contato para mais informa\u00e7\u00f5es?<\/b><\/div><div class=\"su-spoiler-content su-u-clearfix su-u-trim\">A secretaria do curso fica na<strong> sala 13,<\/strong> no primeiro piso do pr\u00e9dio <strong>do Centro de Educa\u00e7\u00e3o e Ci\u00eancias Humanas (CECH) da UFSCar<\/strong>, em S\u00e3o Carlos-SP &#8211; como indiciado no mapa abaixo.<\/p>\n<p>Para entrar em contato, voc\u00ea pode mandar uma mensagem de WhatsApp para (16) 3306-6923, ou enviar um e-mail para: eam<span class=\"\">@<\/span>ufscar.br.<\/p>\n<div class=\"su-gmap su-u-responsive-media-yes\"><iframe loading=\"lazy\" width=\"600\" height=\"400\" src=\"\/\/maps.google.com\/maps?q=%20Center%20for%20Education%20and%20Human%20Sciences%20-%20CECH%20University%20Department%20%C2%B7%20Rodovia%20Washington%20Lu%C3%ADs%2C%20Km%20235%2C%20s%2Fn&amp;output=embed\" title=\"\"><\/iframe><\/div>\n<\/div><\/div>\n<div class=\"su-spoiler su-spoiler-style-fancy su-spoiler-icon-plus su-spoiler-closed\" data-scroll-offset=\"0\" data-anchor-in-url=\"no\"><div class=\"su-spoiler-title\" tabindex=\"0\" role=\"button\"><span class=\"su-spoiler-icon\"><\/span><b>6 - Como fa\u00e7o para participar do curso?<\/b><\/div><div class=\"su-spoiler-content su-u-clearfix su-u-trim\">O ingresso no curso ocorre anualmente atrav\u00e9s de processo seletivo mediante an\u00e1lise de curr\u00edculo e envio de carta de interesse.<\/p>\n<p><b>Documentos necess\u00e1rios<\/b> (o envio \u00e9 totalmente online):<br \/>\n&#8211; Curriculum Vitae documentado (com c\u00f3pia dos comprovantes e diplomas em anexo);<br \/>\n&#8211; C\u00f3pia do diploma de gradua\u00e7\u00e3o registrado ou declara\u00e7\u00e3o de conclus\u00e3o de curso de gradua\u00e7\u00e3o;<br \/>\n&#8211; C\u00f3pia da c\u00e9dula de identidade e do CPF;<br \/>\n&#8211; Carta de Interesse.<\/p>\n<p>Ap\u00f3s a matr\u00edcula do curso, \u00e9 requerido a entrega dos seguintes documentos autenticados: Documentos obrigat\u00f3rios dos alunos: a) C\u00f3pia dos Diploma de Gradua\u00e7\u00e3o &#8211; autenticada (n\u00e3o pode ser atestado de conclus\u00e3o ou declara\u00e7\u00f5es); b) C\u00f3pias do CPF e RG autenticados. A autentica\u00e7\u00e3o deve conter carimbo e adesivo do cart\u00f3rio onde foi realizada.<\/p>\n<p>N\u00e3o h\u00e1 cobran\u00e7a de taxa para inscri\u00e7\u00e3o no processo seletivo. <a href=\"http:\/\/geminisufscar.com.br\/especializacao\/processo-seletivo\/\">Mais informa\u00e7\u00f5es<\/a>.<\/div><\/div>\n<div class=\"su-spoiler su-spoiler-style-fancy su-spoiler-icon-plus su-spoiler-closed\" data-scroll-offset=\"0\" data-anchor-in-url=\"no\"><div class=\"su-spoiler-title\" tabindex=\"0\" role=\"button\"><span class=\"su-spoiler-icon\"><\/span><b>7 - Quanto \u00e9 o investimento para participar do curso?<\/b><\/div><div class=\"su-spoiler-content su-u-clearfix su-u-trim\">O curso possui um investimento total de R$ 11.960,00, sendo a taxa de matr\u00edcula no valor de R$ 520,00, mais 22 parcelas de \u00a0R$ 520,00.<\/p>\n<p>Mas tamb\u00e9m s\u00e3o ofertados descontos nas parcelas para os primeiros inscritos de cada <a href=\"http:\/\/geminisufscar.com.br\/especializacao\/processo-seletivo\/\">processo seletivo<\/a>. Mais conhecer melhor os descontos dispon\u00edveis, mande uma mensagem de WhatsApp para (16) 3306-6923, ou envie um e-mail para: eam<span class=\"\">@<\/span>ufscar.br.<\/p>\n<div class=\"su-spoiler su-spoiler-style-fancy su-spoiler-icon-plus su-spoiler-closed\" data-scroll-offset=\"0\" data-anchor-in-url=\"no\"><div class=\"su-spoiler-title\" tabindex=\"0\" role=\"button\"><span class=\"su-spoiler-icon\"><\/span><b>8 - Como terei acesso ao cronograma de aulas?<\/b><\/div><div class=\"su-spoiler-content su-u-clearfix su-u-trim\"><\/div><\/div>O cronograma semestral de aulas \u00e9 comunicado aos alunos por e-mail antes do in\u00edcio das aulas.<\/div><\/div>\n<div class=\"su-spoiler su-spoiler-style-fancy su-spoiler-icon-plus su-spoiler-closed\" data-scroll-offset=\"0\" data-anchor-in-url=\"no\"><div class=\"su-spoiler-title\" tabindex=\"0\" role=\"button\"><span class=\"su-spoiler-icon\"><\/span><b>9 - Esse curso me d\u00e1 direito \u00e0 carteirinha estudantil? Como solicit\u00e1-la?<\/b><\/div><div class=\"su-spoiler-content su-u-clearfix su-u-trim\">Sim. Todo aluno da UFSCar tem direito \u00e0 sua carteirinha estudantil. Ela \u00e9 solicitada por meio do <a href=\"http:\/\/www.carteirinha.ufscar.br\">sistema de online carteirinhas<\/a>. \u00a0Depois de finalizado o processo de matr\u00edcula, o aluno receber\u00e1 uma senha e todas as instru\u00e7\u00f5es para a solicita\u00e7\u00e3o.<\/div><\/div>\n<div class=\"su-spoiler su-spoiler-style-fancy su-spoiler-icon-plus su-spoiler-closed\" data-scroll-offset=\"0\" data-anchor-in-url=\"no\"><div class=\"su-spoiler-title\" tabindex=\"0\" role=\"button\"><span class=\"su-spoiler-icon\"><\/span><b>10 - Como \u00e9 o processo de avalia\u00e7\u00e3o nas disciplinas?<\/b><\/div><div class=\"su-spoiler-content su-u-clearfix su-u-trim\">Al\u00e9m dos trabalhos avaliativos realizados em sala de aula, ao final ser\u00e1 solicitado a entrega de um trabalho em grupo ou individual, a crit\u00e9rio do professor respons\u00e1vel pela disciplina. <\/div><\/div>\n<div class=\"su-spoiler su-spoiler-style-fancy su-spoiler-icon-plus su-spoiler-closed\" data-scroll-offset=\"0\" data-anchor-in-url=\"no\"><div class=\"su-spoiler-title\" tabindex=\"0\" role=\"button\"><span class=\"su-spoiler-icon\"><\/span><b>11 - Qual o prazo de entrega dos trabalhos finais das disciplinas?<\/b><\/div><div class=\"su-spoiler-content su-u-clearfix su-u-trim\">At\u00e9 dois (02) meses. O prazo ser prorrogado mediante negocia\u00e7\u00e3o com o docente respons\u00e1vel.<\/div><\/div>\n<div class=\"su-spoiler su-spoiler-style-fancy su-spoiler-icon-plus su-spoiler-closed\" data-scroll-offset=\"0\" data-anchor-in-url=\"no\"><div class=\"su-spoiler-title\" tabindex=\"0\" role=\"button\"><span class=\"su-spoiler-icon\"><\/span><b>12 - Quantas faltas posso ter no curso? Existe uma maneira de compens\u00e1-las?<\/b><\/div><div class=\"su-spoiler-content su-u-clearfix su-u-trim\">O aluno dever\u00e1 cumprir 75% de frequ\u00eancia. Como o curso \u00e9 dividido por disciplinas, deve-se observar a frequ\u00eancia m\u00ednima em cada uma delas. Caso ultrapasse o total permitido de faltas (25%), converse com o professor respons\u00e1vel pela disciplina.<\/div><\/div>\n<div class=\"su-spoiler su-spoiler-style-fancy su-spoiler-icon-plus su-spoiler-closed\" data-scroll-offset=\"0\" data-anchor-in-url=\"no\"><div class=\"su-spoiler-title\" tabindex=\"0\" role=\"button\"><span class=\"su-spoiler-icon\"><\/span><b>13 - Como realizo o pagamento dos boletos de matr\u00edcula e das mensalidades?<\/b><\/div><div class=\"su-spoiler-content su-u-clearfix su-u-trim\">Siga as instru\u00e7\u00f5es abaixo para impress\u00e3o dos boletos.<\/p>\n<p>&#8211; Acesse a <b>p\u00e1gina de inscri\u00e7\u00e3o de seu respectivo ano de ingresso.<\/b> Exemplo: <a href=\"https:\/\/multiplataformas20.faiufscar.com\/\">https:\/\/multiplataformas20.faiufscar.com\/<\/a><br \/>\n&#8211; Clique na aba \u201c<b>INSCRI\u00c7\u00d5ES<\/b>\u201d e depois em \u201c<b>ACOMPANHAR INSCRI\u00c7\u00d5ES<\/b>\u201d;<br \/>\n&#8211; Entre com o n\u00famero do seu <b>CPF<\/b> e com sua <b>Senha<\/b> (digite sem ponto ou espa\u00e7o).<br \/>\n&#8211; Na mesma tela, rolando-a para baixo voc\u00ea encontrar\u00e1 sua fatura. Clique no bot\u00e3o <b>PAGAR FATURA<\/b> para gerar o boleto.<br \/>\n&#8211; Na tela seguinte clique na figura \u201c<b>Boleto<\/b>\u201d.<br \/>\n&#8211; Clique no bot\u00e3o \u201c<b>OK<\/b>\u201d para confirmar;<br \/>\n&#8211; Se for mostrada a mensagem \u201c<b>Tentar Novamente<\/b>\u201d, clique sobre ela para abrir seu boleto;<br \/>\n&#8211; Se o boleto n\u00e3o abrir, desative o <b>POP UP<\/b> do seu navegador e tente gerar o boleto novamente.<br \/>\n&#8211; Repita este procedimento para gerar o boleto das parcelas. <\/div><\/div>\n<div class=\"su-spoiler su-spoiler-style-fancy su-spoiler-icon-plus su-spoiler-closed\" data-scroll-offset=\"0\" data-anchor-in-url=\"no\"><div class=\"su-spoiler-title\" tabindex=\"0\" role=\"button\"><span class=\"su-spoiler-icon\"><\/span><b>14 - Terei que fazer uma monografia ao final do curso?<\/b><\/div><div class=\"su-spoiler-content su-u-clearfix su-u-trim\">Sim, o Trabalho de Conclus\u00e3o do Curso consistir\u00e1 na apresenta\u00e7\u00e3o de um projeto transm\u00eddia, composta pela monografia acompanhada pelo documento t\u00e9cnico, cujo objetivo ser\u00e1 a incorpora\u00e7\u00e3o de conhecimentos espec\u00edficos num trabalho de pesquisa aplicada, onde \u00e9 descrito, analisado e avaliado o desenvolvimento de um plano para a cria\u00e7\u00e3o de conte\u00fados multiplataformas, visando interferir e promover a inova\u00e7\u00e3o em diferentes \u00e1reas do mercado profissional. O TCC pode ser feita individualmente ou em grupo de at\u00e9 quatro (04) pessoas, devendo os alunos apresentarem seus trabalhos em defesa p\u00fablica perante a banca examinadora. Ser\u00e1 considerado aprovado o aluno que obtiver o conceito m\u00ednimo de 7,0 pontos. As normas para sua elabora\u00e7\u00e3o podem acessadas <a href=\"https:\/\/drive.google.com\/open?id=0B9ePY11iwbRyN1VLRk5TWWpjU28\">aqui<\/a>.<\/div><\/div>\n<div class=\"su-spoiler su-spoiler-style-fancy su-spoiler-icon-plus su-spoiler-closed\" data-scroll-offset=\"0\" data-anchor-in-url=\"no\"><div class=\"su-spoiler-title\" tabindex=\"0\" role=\"button\"><span class=\"su-spoiler-icon\"><\/span><b>15<\/b> - <b>Qual o processo de elabora\u00e7\u00e3o do TCC?<\/b><\/div><div class=\"su-spoiler-content su-u-clearfix su-u-trim\">Ao ingressar no curso, o aluno ser\u00e1 estimulado a relacionar os conhecimentos adquiridos nas aulas com a sua experi\u00eancia individual, por meio de dispositivos de aprendizagens e de avalia\u00e7\u00e3o compostos de questionamentos das estruturas, saberes, objetivos e estrat\u00e9gias que nortear\u00e3o a realiza\u00e7\u00e3o do TCC, uma monografia estrutura como documento do projeto transm\u00eddia.<\/p>\n<p>Esse documento espec\u00edfico ser\u00e1 atualizado e apresentado como semin\u00e1rio ao final de cada semestre, no formato de um pitching com oito minutos de apresenta\u00e7\u00e3o, a fim de contemplar o portf\u00f3lio do aluno. Neste sentido, o portf\u00f3lio n\u00e3o \u00e9 somente um instrumento de avalia\u00e7\u00e3o, mas de acompanhamento sistem\u00e1tico do processo de aprendizagem, criando assim, uma interface de intera\u00e7\u00e3o e um ambiente de trocas de informa\u00e7\u00e3o, a partir de pr\u00e1ticas metodol\u00f3gicas horizontais e participativas. O portf\u00f3lio prioriza a cumulatividade do conhecimento e favorece uma postura reflexiva sobre a elabora\u00e7\u00e3o do TCC.<br \/>\n<\/div><\/div>\n<div class=\"su-spoiler su-spoiler-style-fancy su-spoiler-icon-plus su-spoiler-closed\" data-scroll-offset=\"0\" data-anchor-in-url=\"no\"><div class=\"su-spoiler-title\" tabindex=\"0\" role=\"button\"><span class=\"su-spoiler-icon\"><\/span><b>16 - Quanto tempo ap\u00f3s o t\u00e9rmino da p\u00f3s \u00e9 emitido o certificado?<\/b><\/div><div class=\"su-spoiler-content su-u-clearfix su-u-trim\">O diploma ser\u00e1 emitido de seis a doze meses depois de finalizado o curso, desde que o aluno apresente:<br \/>\n&#8211; C\u00f3pia autenticada do Diploma de Gradua\u00e7\u00e3o v\u00e1lido em todo Brasil e traduzido para a l\u00edngua portuguesa, se expedido por Institui\u00e7\u00e3o de Ensino Estrangeira;<br \/>\n&#8211; Notas iguais ou superiores a 6,0 em todas as Disciplinas com exce\u00e7\u00e3o do TCC que ser\u00e1 de 7,0;<br \/>\n&#8211; Constar frequ\u00eancia m\u00ednima \u00e0s atividades did\u00e1tico-pedag\u00f3gicas do curso de 75% (setenta por cento) em cada Disciplina.<\/div><\/div>\n<div class=\"su-spoiler su-spoiler-style-fancy su-spoiler-icon-plus su-spoiler-closed\" data-scroll-offset=\"0\" data-anchor-in-url=\"no\"><div class=\"su-spoiler-title\" tabindex=\"0\" role=\"button\"><span class=\"su-spoiler-icon\"><\/span><b>17 - \u00c9 poss\u00edvel solicitar o trancamento do curso?<\/b><\/div><div class=\"su-spoiler-content su-u-clearfix su-u-trim\">N\u00e3o \u00e9 poss\u00edvel realizar a o trancamento do curso, apenas o seu cancelamento, conforme o <a href=\"http:\/\/www.proex.ufscar.br\/arquivos\/normas-regras-e-outros\/regimento-geral-para-cursos-de-pos-graduacao-lato-sensu-da-ufscar.pdf\">Regimento geral de Cursos de P\u00f3s-gradua\u00e7\u00e3o Lato Sensu da UFSCar<\/a>.<\/div><\/div>\n<div class=\"su-spoiler su-spoiler-style-fancy su-spoiler-icon-plus su-spoiler-closed\" data-scroll-offset=\"0\" data-anchor-in-url=\"no\"><div class=\"su-spoiler-title\" tabindex=\"0\" role=\"button\"><span class=\"su-spoiler-icon\"><\/span><b>18 - Como realizo o cancelamento do curso?<\/b><\/div><div class=\"su-spoiler-content su-u-clearfix su-u-trim\">O aluno deve encaminhar ao e-mail da Coordena\u00e7\u00e3o &lt;<a href=\"eam@ufscar.com\">eam<span class=\"\">@<\/span>ufscar.com<\/a>&gt; o \u201c<a href=\"https:\/\/docs.google.com\/document\/d\/1wJtZukLHTi7j98iDxVf3npBNjdNZntrWYqGqiOwFOxA\/edit?usp=sharing\">Requerimento de Solicita\u00e7\u00e3o de Cancelamento de Matr\u00edcula<\/a>\u201d devidamente preenchido e assinado. Ao solicitar o cancelamento do curso, o aluno ter\u00e1 que pagar multa de 20% (vinte por cento) sobre as parcelas remanescentes (conforme Contrato de Presta\u00e7\u00e3o de Servi\u00e7os do curso emitido pela FAI).<\/div><\/div>\n<div class=\"su-spoiler su-spoiler-style-fancy su-spoiler-icon-plus su-spoiler-closed\" data-scroll-offset=\"0\" data-anchor-in-url=\"no\"><div class=\"su-spoiler-title\" tabindex=\"0\" role=\"button\"><span class=\"su-spoiler-icon\"><\/span><b>19 - \u00c9 poss\u00edvel repor aula com atividade extra classe?<\/b><\/div><div class=\"su-spoiler-content su-u-clearfix su-u-trim\">O aluno n\u00e3o pode repor disciplina atrav\u00e9s de trabalhos ou provas. Caso tenha entrado no curso ap\u00f3s a oferta de alguma disciplina, ela ser\u00e1 reposta quando ofertada novamente.<\/div><\/div>\n<\/div>\n","protected":false},"excerpt":{"rendered":"<p>1 &#8211; Qual a carga hor\u00e1ria total do curso?360 horas, com disciplinas ministradas durante 18 meses. 2 &#8211; Quando acontecem as aulas?As aulas s\u00e3o quinzenais, sempre aos s\u00e1bados, das 9h \u00e0s 13h e das 14h \u00e0s 18h. 3 &#8211; Qual a dura\u00e7\u00e3o do curso?Dura\u00e7\u00e3o de 18 meses, sendo os dois primeiros semestres de aulas (realizadas&hellip;<\/p>\n","protected":false},"author":3,"featured_media":0,"parent":0,"menu_order":0,"comment_status":"closed","ping_status":"closed","template":"","meta":{"_bbp_topic_count":0,"_bbp_reply_count":0,"_bbp_total_topic_count":0,"_bbp_total_reply_count":0,"_bbp_voice_count":0,"_bbp_anonymous_reply_count":0,"_bbp_topic_count_hidden":0,"_bbp_reply_count_hidden":0,"_bbp_forum_subforum_count":0,"_exactmetrics_skip_tracking":false,"_exactmetrics_sitenote_active":false,"_exactmetrics_sitenote_note":"","_exactmetrics_sitenote_category":0,"jetpack_post_was_ever_published":false,"footnotes":""},"class_list":["post-754","page","type-page","status-publish","hentry","description-off"],"yoast_head":"<!-- This site is optimized with the Yoast SEO plugin v22.0 - https:\/\/yoast.com\/wordpress\/plugins\/seo\/ -->\n<title>FAQ - EAM UFSCar<\/title>\n<meta name=\"robots\" content=\"index, follow, max-snippet:-1, max-image-preview:large, max-video-preview:-1\" \/>\n<link rel=\"canonical\" href=\"http:\/\/geminisufscar.com.br\/especializacao\/faq\/\" class=\"yoast-seo-meta-tag\" \/>\n<meta property=\"og:locale\" content=\"pt_BR\" class=\"yoast-seo-meta-tag\" \/>\n<meta property=\"og:type\" content=\"article\" class=\"yoast-seo-meta-tag\" \/>\n<meta property=\"og:title\" content=\"FAQ - EAM UFSCar\" class=\"yoast-seo-meta-tag\" \/>\n<meta property=\"og:url\" content=\"http:\/\/geminisufscar.com.br\/especializacao\/faq\/\" class=\"yoast-seo-meta-tag\" \/>\n<meta property=\"og:site_name\" content=\"EAM UFSCar\" class=\"yoast-seo-meta-tag\" \/>\n<meta property=\"article:modified_time\" content=\"2021-12-31T14:27:44+00:00\" class=\"yoast-seo-meta-tag\" \/>\n<meta name=\"twitter:card\" content=\"summary_large_image\" class=\"yoast-seo-meta-tag\" \/>\n<meta name=\"twitter:label1\" content=\"Est. tempo de leitura\" class=\"yoast-seo-meta-tag\" \/>\n\t<meta name=\"twitter:data1\" content=\"6 minutos\" class=\"yoast-seo-meta-tag\" \/>\n<script type=\"application\/ld+json\" class=\"yoast-schema-graph\">{\"@context\":\"https:\/\/schema.org\",\"@graph\":[{\"@type\":\"WebPage\",\"@id\":\"http:\/\/geminisufscar.com.br\/especializacao\/faq\/\",\"url\":\"http:\/\/geminisufscar.com.br\/especializacao\/faq\/\",\"name\":\"FAQ - EAM UFSCar\",\"isPartOf\":{\"@id\":\"http:\/\/geminisufscar.com.br\/especializacao\/#website\"},\"datePublished\":\"2018-01-29T22:05:21+00:00\",\"dateModified\":\"2021-12-31T14:27:44+00:00\",\"breadcrumb\":{\"@id\":\"http:\/\/geminisufscar.com.br\/especializacao\/faq\/#breadcrumb\"},\"inLanguage\":\"pt-BR\",\"potentialAction\":[{\"@type\":\"ReadAction\",\"target\":[\"http:\/\/geminisufscar.com.br\/especializacao\/faq\/\"]}]},{\"@type\":\"BreadcrumbList\",\"@id\":\"http:\/\/geminisufscar.com.br\/especializacao\/faq\/#breadcrumb\",\"itemListElement\":[{\"@type\":\"ListItem\",\"position\":1,\"name\":\"In\u00edcio\",\"item\":\"http:\/\/geminisufscar.com.br\/especializacao\/\"},{\"@type\":\"ListItem\",\"position\":2,\"name\":\"FAQ\"}]},{\"@type\":\"WebSite\",\"@id\":\"http:\/\/geminisufscar.com.br\/especializacao\/#website\",\"url\":\"http:\/\/geminisufscar.com.br\/especializacao\/\",\"name\":\"EAM UFSCar\",\"description\":\"Especializa\u00e7\u00e3o em Produ\u00e7\u00e3o de Conte\u00fado Audiovisual para Multiplataformas\",\"potentialAction\":[{\"@type\":\"SearchAction\",\"target\":{\"@type\":\"EntryPoint\",\"urlTemplate\":\"http:\/\/geminisufscar.com.br\/especializacao\/?s={search_term_string}\"},\"query-input\":\"required name=search_term_string\"}],\"inLanguage\":\"pt-BR\"}]}<\/script>\n<!-- \/ Yoast SEO plugin. -->","yoast_head_json":{"title":"FAQ - EAM UFSCar","robots":{"index":"index","follow":"follow","max-snippet":"max-snippet:-1","max-image-preview":"max-image-preview:large","max-video-preview":"max-video-preview:-1"},"canonical":"http:\/\/geminisufscar.com.br\/especializacao\/faq\/","og_locale":"pt_BR","og_type":"article","og_title":"FAQ - EAM UFSCar","og_url":"http:\/\/geminisufscar.com.br\/especializacao\/faq\/","og_site_name":"EAM UFSCar","article_modified_time":"2021-12-31T14:27:44+00:00","twitter_card":"summary_large_image","twitter_misc":{"Est. tempo de leitura":"6 minutos"},"schema":{"@context":"https:\/\/schema.org","@graph":[{"@type":"WebPage","@id":"http:\/\/geminisufscar.com.br\/especializacao\/faq\/","url":"http:\/\/geminisufscar.com.br\/especializacao\/faq\/","name":"FAQ - EAM UFSCar","isPartOf":{"@id":"http:\/\/geminisufscar.com.br\/especializacao\/#website"},"datePublished":"2018-01-29T22:05:21+00:00","dateModified":"2021-12-31T14:27:44+00:00","breadcrumb":{"@id":"http:\/\/geminisufscar.com.br\/especializacao\/faq\/#breadcrumb"},"inLanguage":"pt-BR","potentialAction":[{"@type":"ReadAction","target":["http:\/\/geminisufscar.com.br\/especializacao\/faq\/"]}]},{"@type":"BreadcrumbList","@id":"http:\/\/geminisufscar.com.br\/especializacao\/faq\/#breadcrumb","itemListElement":[{"@type":"ListItem","position":1,"name":"In\u00edcio","item":"http:\/\/geminisufscar.com.br\/especializacao\/"},{"@type":"ListItem","position":2,"name":"FAQ"}]},{"@type":"WebSite","@id":"http:\/\/geminisufscar.com.br\/especializacao\/#website","url":"http:\/\/geminisufscar.com.br\/especializacao\/","name":"EAM UFSCar","description":"Especializa\u00e7\u00e3o em Produ\u00e7\u00e3o de Conte\u00fado Audiovisual para Multiplataformas","potentialAction":[{"@type":"SearchAction","target":{"@type":"EntryPoint","urlTemplate":"http:\/\/geminisufscar.com.br\/especializacao\/?s={search_term_string}"},"query-input":"required name=search_term_string"}],"inLanguage":"pt-BR"}]}},"jetpack_sharing_enabled":true,"jetpack_shortlink":"https:\/\/wp.me\/PaHuPb-ca","_links":{"self":[{"href":"http:\/\/geminisufscar.com.br\/especializacao\/wp-json\/wp\/v2\/pages\/754","targetHints":{"allow":["GET"]}}],"collection":[{"href":"http:\/\/geminisufscar.com.br\/especializacao\/wp-json\/wp\/v2\/pages"}],"about":[{"href":"http:\/\/geminisufscar.com.br\/especializacao\/wp-json\/wp\/v2\/types\/page"}],"author":[{"embeddable":true,"href":"http:\/\/geminisufscar.com.br\/especializacao\/wp-json\/wp\/v2\/users\/3"}],"replies":[{"embeddable":true,"href":"http:\/\/geminisufscar.com.br\/especializacao\/wp-json\/wp\/v2\/comments?post=754"}],"version-history":[{"count":22,"href":"http:\/\/geminisufscar.com.br\/especializacao\/wp-json\/wp\/v2\/pages\/754\/revisions"}],"predecessor-version":[{"id":1825,"href":"http:\/\/geminisufscar.com.br\/especializacao\/wp-json\/wp\/v2\/pages\/754\/revisions\/1825"}],"wp:attachment":[{"href":"http:\/\/geminisufscar.com.br\/especializacao\/wp-json\/wp\/v2\/media?parent=754"}],"curies":[{"name":"wp","href":"https:\/\/api.w.org\/{rel}","templated":true}]}}