{"id":622,"date":"2017-10-06T13:40:21","date_gmt":"2017-10-06T16:40:21","guid":{"rendered":"http:\/\/geminisufscar.com.br\/especializacao\/?page_id=622"},"modified":"2021-11-17T14:36:14","modified_gmt":"2021-11-17T17:36:14","slug":"trabalho-de-conclusao-de-curso","status":"publish","type":"page","link":"http:\/\/geminisufscar.com.br\/especializacao\/estrutura-curricular\/trabalho-de-conclusao-de-curso\/","title":{"rendered":"Trabalho de Conclus\u00e3o de Curso"},"content":{"rendered":"<ul>\n<li><a href=\"https:\/\/drive.google.com\/open?id=1Etojd24E0AJeNdESesEbip20s0_hojlL\">Regulamento e Instru\u00e7\u00f5es para Elabora\u00e7\u00e3o do Pr\u00e9-Projeto e da Monografia &#8211; 2019<\/a><\/li>\n<li><a href=\"https:\/\/www.bco.ufscar.br\/arquivos\/manual-bco-nbr-14724-2.pdf\">Guia para Apresenta\u00e7\u00e3o de Trabalho Acad\u00eamico da UFSCar<\/a><\/li>\n<li><a href=\"https:\/\/docs.google.com\/document\/d\/0B9ePY11iwbRyMXBWaEZaandfbm8\/edit?usp=sharing&amp;ouid=117242979442717918882&amp;resourcekey=0-iwUrvFSDVE71Uw1YeBXgyg&amp;rtpof=true&amp;sd=true\">Template Monografia EAM (pr\u00e9-textual)<\/a><\/li>\n<li><a href=\"http:\/\/geminisufscar.com.br\/especializacao\/estrutura-curricular\/tccs-repositorio\/\">Reposit\u00f3rios de TCCs<\/a><\/li>\n<\/ul>\n","protected":false},"excerpt":{"rendered":"<p>Regulamento e Instru\u00e7\u00f5es para Elabora\u00e7\u00e3o do Pr\u00e9-Projeto e da Monografia &#8211; 2019 Guia para Apresenta\u00e7\u00e3o de Trabalho Acad\u00eamico da UFSCar Template Monografia EAM (pr\u00e9-textual) Reposit\u00f3rios de TCCs<\/p>\n","protected":false},"author":3,"featured_media":0,"parent":26,"menu_order":0,"comment_status":"closed","ping_status":"closed","template":"","meta":{"_bbp_topic_count":0,"_bbp_reply_count":0,"_bbp_total_topic_count":0,"_bbp_total_reply_count":0,"_bbp_voice_count":0,"_bbp_anonymous_reply_count":0,"_bbp_topic_count_hidden":0,"_bbp_reply_count_hidden":0,"_bbp_forum_subforum_count":0,"_exactmetrics_skip_tracking":false,"_exactmetrics_sitenote_active":false,"_exactmetrics_sitenote_note":"","_exactmetrics_sitenote_category":0,"jetpack_post_was_ever_published":false,"footnotes":""},"class_list":["post-622","page","type-page","status-publish","hentry","description-off"],"yoast_head":"<!-- This site is optimized with the Yoast SEO plugin v22.0 - https:\/\/yoast.com\/wordpress\/plugins\/seo\/ -->\n<title>Trabalho de Conclus\u00e3o de Curso - EAM UFSCar<\/title>\n<meta name=\"robots\" content=\"index, follow, max-snippet:-1, max-image-preview:large, max-video-preview:-1\" \/>\n<link rel=\"canonical\" href=\"http:\/\/geminisufscar.com.br\/especializacao\/estrutura-curricular\/trabalho-de-conclusao-de-curso\/\" class=\"yoast-seo-meta-tag\" \/>\n<meta property=\"og:locale\" content=\"pt_BR\" class=\"yoast-seo-meta-tag\" \/>\n<meta property=\"og:type\" content=\"article\" class=\"yoast-seo-meta-tag\" \/>\n<meta property=\"og:title\" content=\"Trabalho de Conclus\u00e3o de Curso - EAM UFSCar\" class=\"yoast-seo-meta-tag\" \/>\n<meta property=\"og:description\" content=\"Regulamento e Instru\u00e7\u00f5es para Elabora\u00e7\u00e3o do Pr\u00e9-Projeto e da Monografia &#8211; 2019 Guia para Apresenta\u00e7\u00e3o de Trabalho Acad\u00eamico da UFSCar Template Monografia EAM (pr\u00e9-textual) Reposit\u00f3rios de TCCs\" class=\"yoast-seo-meta-tag\" \/>\n<meta property=\"og:url\" content=\"http:\/\/geminisufscar.com.br\/especializacao\/estrutura-curricular\/trabalho-de-conclusao-de-curso\/\" class=\"yoast-seo-meta-tag\" \/>\n<meta property=\"og:site_name\" content=\"EAM UFSCar\" class=\"yoast-seo-meta-tag\" \/>\n<meta property=\"article:modified_time\" content=\"2021-11-17T17:36:14+00:00\" class=\"yoast-seo-meta-tag\" \/>\n<meta name=\"twitter:card\" content=\"summary_large_image\" class=\"yoast-seo-meta-tag\" \/>\n<meta name=\"twitter:label1\" content=\"Est. tempo de leitura\" class=\"yoast-seo-meta-tag\" \/>\n\t<meta name=\"twitter:data1\" content=\"1 minuto\" class=\"yoast-seo-meta-tag\" \/>\n<script type=\"application\/ld+json\" class=\"yoast-schema-graph\">{\"@context\":\"https:\/\/schema.org\",\"@graph\":[{\"@type\":\"WebPage\",\"@id\":\"http:\/\/geminisufscar.com.br\/especializacao\/estrutura-curricular\/trabalho-de-conclusao-de-curso\/\",\"url\":\"http:\/\/geminisufscar.com.br\/especializacao\/estrutura-curricular\/trabalho-de-conclusao-de-curso\/\",\"name\":\"Trabalho de Conclus\u00e3o de Curso - EAM UFSCar\",\"isPartOf\":{\"@id\":\"http:\/\/geminisufscar.com.br\/especializacao\/#website\"},\"datePublished\":\"2017-10-06T16:40:21+00:00\",\"dateModified\":\"2021-11-17T17:36:14+00:00\",\"breadcrumb\":{\"@id\":\"http:\/\/geminisufscar.com.br\/especializacao\/estrutura-curricular\/trabalho-de-conclusao-de-curso\/#breadcrumb\"},\"inLanguage\":\"pt-BR\",\"potentialAction\":[{\"@type\":\"ReadAction\",\"target\":[\"http:\/\/geminisufscar.com.br\/especializacao\/estrutura-curricular\/trabalho-de-conclusao-de-curso\/\"]}]},{\"@type\":\"BreadcrumbList\",\"@id\":\"http:\/\/geminisufscar.com.br\/especializacao\/estrutura-curricular\/trabalho-de-conclusao-de-curso\/#breadcrumb\",\"itemListElement\":[{\"@type\":\"ListItem\",\"position\":1,\"name\":\"In\u00edcio\",\"item\":\"http:\/\/geminisufscar.com.br\/especializacao\/\"},{\"@type\":\"ListItem\",\"position\":2,\"name\":\"Estrutura Curricular\",\"item\":\"http:\/\/geminisufscar.com.br\/especializacao\/estrutura-curricular\/\"},{\"@type\":\"ListItem\",\"position\":3,\"name\":\"Trabalho de Conclus\u00e3o de Curso\"}]},{\"@type\":\"WebSite\",\"@id\":\"http:\/\/geminisufscar.com.br\/especializacao\/#website\",\"url\":\"http:\/\/geminisufscar.com.br\/especializacao\/\",\"name\":\"EAM UFSCar\",\"description\":\"Especializa\u00e7\u00e3o em Produ\u00e7\u00e3o de Conte\u00fado Audiovisual para Multiplataformas\",\"potentialAction\":[{\"@type\":\"SearchAction\",\"target\":{\"@type\":\"EntryPoint\",\"urlTemplate\":\"http:\/\/geminisufscar.com.br\/especializacao\/?s={search_term_string}\"},\"query-input\":\"required name=search_term_string\"}],\"inLanguage\":\"pt-BR\"}]}<\/script>\n<!-- \/ Yoast SEO plugin. -->","yoast_head_json":{"title":"Trabalho de Conclus\u00e3o de Curso - EAM UFSCar","robots":{"index":"index","follow":"follow","max-snippet":"max-snippet:-1","max-image-preview":"max-image-preview:large","max-video-preview":"max-video-preview:-1"},"canonical":"http:\/\/geminisufscar.com.br\/especializacao\/estrutura-curricular\/trabalho-de-conclusao-de-curso\/","og_locale":"pt_BR","og_type":"article","og_title":"Trabalho de Conclus\u00e3o de Curso - EAM UFSCar","og_description":"Regulamento e Instru\u00e7\u00f5es para Elabora\u00e7\u00e3o do Pr\u00e9-Projeto e da Monografia &#8211; 2019 Guia para Apresenta\u00e7\u00e3o de Trabalho Acad\u00eamico da UFSCar Template Monografia EAM (pr\u00e9-textual) Reposit\u00f3rios de TCCs","og_url":"http:\/\/geminisufscar.com.br\/especializacao\/estrutura-curricular\/trabalho-de-conclusao-de-curso\/","og_site_name":"EAM UFSCar","article_modified_time":"2021-11-17T17:36:14+00:00","twitter_card":"summary_large_image","twitter_misc":{"Est. tempo de leitura":"1 minuto"},"schema":{"@context":"https:\/\/schema.org","@graph":[{"@type":"WebPage","@id":"http:\/\/geminisufscar.com.br\/especializacao\/estrutura-curricular\/trabalho-de-conclusao-de-curso\/","url":"http:\/\/geminisufscar.com.br\/especializacao\/estrutura-curricular\/trabalho-de-conclusao-de-curso\/","name":"Trabalho de Conclus\u00e3o de Curso - EAM UFSCar","isPartOf":{"@id":"http:\/\/geminisufscar.com.br\/especializacao\/#website"},"datePublished":"2017-10-06T16:40:21+00:00","dateModified":"2021-11-17T17:36:14+00:00","breadcrumb":{"@id":"http:\/\/geminisufscar.com.br\/especializacao\/estrutura-curricular\/trabalho-de-conclusao-de-curso\/#breadcrumb"},"inLanguage":"pt-BR","potentialAction":[{"@type":"ReadAction","target":["http:\/\/geminisufscar.com.br\/especializacao\/estrutura-curricular\/trabalho-de-conclusao-de-curso\/"]}]},{"@type":"BreadcrumbList","@id":"http:\/\/geminisufscar.com.br\/especializacao\/estrutura-curricular\/trabalho-de-conclusao-de-curso\/#breadcrumb","itemListElement":[{"@type":"ListItem","position":1,"name":"In\u00edcio","item":"http:\/\/geminisufscar.com.br\/especializacao\/"},{"@type":"ListItem","position":2,"name":"Estrutura Curricular","item":"http:\/\/geminisufscar.com.br\/especializacao\/estrutura-curricular\/"},{"@type":"ListItem","position":3,"name":"Trabalho de Conclus\u00e3o de Curso"}]},{"@type":"WebSite","@id":"http:\/\/geminisufscar.com.br\/especializacao\/#website","url":"http:\/\/geminisufscar.com.br\/especializacao\/","name":"EAM UFSCar","description":"Especializa\u00e7\u00e3o em Produ\u00e7\u00e3o de Conte\u00fado Audiovisual para Multiplataformas","potentialAction":[{"@type":"SearchAction","target":{"@type":"EntryPoint","urlTemplate":"http:\/\/geminisufscar.com.br\/especializacao\/?s={search_term_string}"},"query-input":"required name=search_term_string"}],"inLanguage":"pt-BR"}]}},"jetpack_sharing_enabled":true,"jetpack_shortlink":"https:\/\/wp.me\/PaHuPb-a2","_links":{"self":[{"href":"http:\/\/geminisufscar.com.br\/especializacao\/wp-json\/wp\/v2\/pages\/622","targetHints":{"allow":["GET"]}}],"collection":[{"href":"http:\/\/geminisufscar.com.br\/especializacao\/wp-json\/wp\/v2\/pages"}],"about":[{"href":"http:\/\/geminisufscar.com.br\/especializacao\/wp-json\/wp\/v2\/types\/page"}],"author":[{"embeddable":true,"href":"http:\/\/geminisufscar.com.br\/especializacao\/wp-json\/wp\/v2\/users\/3"}],"replies":[{"embeddable":true,"href":"http:\/\/geminisufscar.com.br\/especializacao\/wp-json\/wp\/v2\/comments?post=622"}],"version-history":[{"count":9,"href":"http:\/\/geminisufscar.com.br\/especializacao\/wp-json\/wp\/v2\/pages\/622\/revisions"}],"predecessor-version":[{"id":1654,"href":"http:\/\/geminisufscar.com.br\/especializacao\/wp-json\/wp\/v2\/pages\/622\/revisions\/1654"}],"up":[{"embeddable":true,"href":"http:\/\/geminisufscar.com.br\/especializacao\/wp-json\/wp\/v2\/pages\/26"}],"wp:attachment":[{"href":"http:\/\/geminisufscar.com.br\/especializacao\/wp-json\/wp\/v2\/media?parent=622"}],"curies":[{"name":"wp","href":"https:\/\/api.w.org\/{rel}","templated":true}]}}