{"id":289,"date":"2017-01-11T17:50:56","date_gmt":"2017-01-11T19:50:56","guid":{"rendered":"http:\/\/geminisufscar.com.br\/especializacao\/?page_id=289"},"modified":"2021-12-29T09:57:49","modified_gmt":"2021-12-29T12:57:49","slug":"contato","status":"publish","type":"page","link":"http:\/\/geminisufscar.com.br\/especializacao\/contato\/","title":{"rendered":"Contato"},"content":{"rendered":"<div id=\"widget-title-three\" class=\"widget-title-home\">\n<h3>Secretaria do Curso<\/h3>\n<\/div>\n<div class=\"textwidget\"><strong>Coordena\u00e7\u00e3o: <\/strong>Prof. Dr. Jo\u00e3o Carlos Massarolo<br \/>\n<strong>Endere\u00e7o: <\/strong><br \/>\nSala 13 (segundo piso) &#8211;\u00a0CECH<br \/>\nUniversidade Federal de S\u00e3o Carlos &#8211; UFSCar<br \/>\nCentro de Educa\u00e7\u00e3o e Ci\u00eancias Humanas &#8211; CECH<br \/>\nRodovia Washington Lu\u00eds, Km 235 &#8211; SP-310<br \/>\nCEP 13.565-905 &#8211; S\u00e3o Carlos, SP \u2013 Brasil<\/p>\n<\/div>\n<div class=\"textwidget\"><strong>Telefone\/Whatsapp: <\/strong><a href=\"https:\/\/web.whatsapp.com\/send?phone=551633066923&amp;text=Mandeumamensagem%21\">(16) 3306-6923<\/a>\u00a0 \u00a0<a href=\"https:\/\/bit.ly\/whatsapp-eam-ufscar\" target=\"_blank\" rel=\"noopener noreferrer\">https:\/\/bit.ly\/whatsapp-eam-ufscar<\/a><br \/>\n<strong>Email: <\/strong><a href=\"mailto:eam@ufscar.br\" target=\"_blank\" rel=\"noopener noreferrer\">eam<span class=\"\"><span class=\"\">@<\/span><\/span>ufscar.br<\/a><\/div>\n<a href=\"https:\/\/web.whatsapp.com\/send?phone=551633066923&#038;text=Mandeumamensagem\" class=\"su-button su-button-style-default\" style=\"color:#FFFFFF;background-color:#2D89EF;border-color:#246ec0;border-radius:5px;-moz-border-radius:5px;-webkit-border-radius:5px\" target=\"_blank\" rel=\"noopener noreferrer\"><span style=\"color:#FFFFFF;padding:6px 16px;font-size:13px;line-height:20px;border-color:#6cadf4;border-radius:5px;-moz-border-radius:5px;-webkit-border-radius:5px;text-shadow:none;-moz-text-shadow:none;-webkit-text-shadow:none\"><i class=\"sui sui-whatsapp\" style=\"font-size:13px;color:#FFFFFF\"><\/i> Whatsapp<\/span><\/a>\n<a href=\"https:\/\/www.facebook.com\/especializacaomultiplataformaufscar\" class=\"su-button su-button-style-default\" style=\"color:#FFFFFF;background-color:#2D89EF;border-color:#246ec0;border-radius:5px;-moz-border-radius:5px;-webkit-border-radius:5px\" target=\"_blank\" rel=\"noopener noreferrer\"><span style=\"color:#FFFFFF;padding:6px 16px;font-size:13px;line-height:20px;border-color:#6cadf4;border-radius:5px;-moz-border-radius:5px;-webkit-border-radius:5px;text-shadow:none;-moz-text-shadow:none;-webkit-text-shadow:none\"><i class=\"sui sui-facebook-square\" style=\"font-size:13px;color:#FFFFFF\"><\/i> Facebook<\/span><\/a>\n<a href=\"https:\/\/www.youtube.com\/channel\/UCgrMsVoq_2Vu66dXLSs24BA\" class=\"su-button su-button-style-default\" style=\"color:#FFFFFF;background-color:#2D89EF;border-color:#246ec0;border-radius:5px;-moz-border-radius:5px;-webkit-border-radius:5px\" target=\"_blank\" rel=\"noopener noreferrer\"><span style=\"color:#FFFFFF;padding:6px 16px;font-size:13px;line-height:20px;border-color:#6cadf4;border-radius:5px;-moz-border-radius:5px;-webkit-border-radius:5px;text-shadow:none;-moz-text-shadow:none;-webkit-text-shadow:none\"><i class=\"sui sui-youtube-play\" style=\"font-size:13px;color:#FFFFFF\"><\/i> YouTube<\/span><\/a>\n","protected":false},"excerpt":{"rendered":"<p>Secretaria do Curso Coordena\u00e7\u00e3o: Prof. Dr. Jo\u00e3o Carlos Massarolo Endere\u00e7o: Sala 13 (segundo piso) &#8211;\u00a0CECH Universidade Federal de S\u00e3o Carlos &#8211; UFSCar Centro de Educa\u00e7\u00e3o e Ci\u00eancias Humanas &#8211; CECH Rodovia Washington Lu\u00eds, Km 235 &#8211; SP-310 CEP 13.565-905 &#8211; S\u00e3o Carlos, SP \u2013 Brasil Telefone\/Whatsapp: (16) 3306-6923\u00a0 \u00a0https:\/\/bit.ly\/whatsapp-eam-ufscar Email: eam@ufscar.br<\/p>\n","protected":false},"author":5,"featured_media":0,"parent":0,"menu_order":0,"comment_status":"closed","ping_status":"closed","template":"","meta":{"_bbp_topic_count":0,"_bbp_reply_count":0,"_bbp_total_topic_count":0,"_bbp_total_reply_count":0,"_bbp_voice_count":0,"_bbp_anonymous_reply_count":0,"_bbp_topic_count_hidden":0,"_bbp_reply_count_hidden":0,"_bbp_forum_subforum_count":0,"_exactmetrics_skip_tracking":false,"_exactmetrics_sitenote_active":false,"_exactmetrics_sitenote_note":"","_exactmetrics_sitenote_category":0,"jetpack_post_was_ever_published":false,"footnotes":""},"class_list":["post-289","page","type-page","status-publish","hentry","description-off"],"yoast_head":"<!-- This site is optimized with the Yoast SEO plugin v22.0 - https:\/\/yoast.com\/wordpress\/plugins\/seo\/ -->\n<title>Contato - EAM UFSCar<\/title>\n<meta name=\"robots\" content=\"index, follow, max-snippet:-1, max-image-preview:large, max-video-preview:-1\" \/>\n<link rel=\"canonical\" href=\"http:\/\/geminisufscar.com.br\/especializacao\/contato\/\" class=\"yoast-seo-meta-tag\" \/>\n<meta property=\"og:locale\" content=\"pt_BR\" class=\"yoast-seo-meta-tag\" \/>\n<meta property=\"og:type\" content=\"article\" class=\"yoast-seo-meta-tag\" \/>\n<meta property=\"og:title\" content=\"Contato - EAM UFSCar\" class=\"yoast-seo-meta-tag\" \/>\n<meta property=\"og:description\" content=\"Secretaria do Curso Coordena\u00e7\u00e3o: Prof. Dr. Jo\u00e3o Carlos Massarolo Endere\u00e7o: Sala 13 (segundo piso) &#8211;\u00a0CECH Universidade Federal de S\u00e3o Carlos &#8211; UFSCar Centro de Educa\u00e7\u00e3o e Ci\u00eancias Humanas &#8211; CECH Rodovia Washington Lu\u00eds, Km 235 &#8211; SP-310 CEP 13.565-905 &#8211; S\u00e3o Carlos, SP \u2013 Brasil Telefone\/Whatsapp: (16) 3306-6923\u00a0 \u00a0https:\/\/bit.ly\/whatsapp-eam-ufscar Email: eam@ufscar.br\" class=\"yoast-seo-meta-tag\" \/>\n<meta property=\"og:url\" content=\"http:\/\/geminisufscar.com.br\/especializacao\/contato\/\" class=\"yoast-seo-meta-tag\" \/>\n<meta property=\"og:site_name\" content=\"EAM UFSCar\" class=\"yoast-seo-meta-tag\" \/>\n<meta property=\"article:modified_time\" content=\"2021-12-29T12:57:49+00:00\" class=\"yoast-seo-meta-tag\" \/>\n<meta name=\"twitter:card\" content=\"summary_large_image\" class=\"yoast-seo-meta-tag\" \/>\n<meta name=\"twitter:label1\" content=\"Est. tempo de leitura\" class=\"yoast-seo-meta-tag\" \/>\n\t<meta name=\"twitter:data1\" content=\"1 minuto\" class=\"yoast-seo-meta-tag\" \/>\n<script type=\"application\/ld+json\" class=\"yoast-schema-graph\">{\"@context\":\"https:\/\/schema.org\",\"@graph\":[{\"@type\":\"WebPage\",\"@id\":\"http:\/\/geminisufscar.com.br\/especializacao\/contato\/\",\"url\":\"http:\/\/geminisufscar.com.br\/especializacao\/contato\/\",\"name\":\"Contato - EAM UFSCar\",\"isPartOf\":{\"@id\":\"http:\/\/geminisufscar.com.br\/especializacao\/#website\"},\"datePublished\":\"2017-01-11T19:50:56+00:00\",\"dateModified\":\"2021-12-29T12:57:49+00:00\",\"breadcrumb\":{\"@id\":\"http:\/\/geminisufscar.com.br\/especializacao\/contato\/#breadcrumb\"},\"inLanguage\":\"pt-BR\",\"potentialAction\":[{\"@type\":\"ReadAction\",\"target\":[\"http:\/\/geminisufscar.com.br\/especializacao\/contato\/\"]}]},{\"@type\":\"BreadcrumbList\",\"@id\":\"http:\/\/geminisufscar.com.br\/especializacao\/contato\/#breadcrumb\",\"itemListElement\":[{\"@type\":\"ListItem\",\"position\":1,\"name\":\"In\u00edcio\",\"item\":\"http:\/\/geminisufscar.com.br\/especializacao\/\"},{\"@type\":\"ListItem\",\"position\":2,\"name\":\"Contato\"}]},{\"@type\":\"WebSite\",\"@id\":\"http:\/\/geminisufscar.com.br\/especializacao\/#website\",\"url\":\"http:\/\/geminisufscar.com.br\/especializacao\/\",\"name\":\"EAM UFSCar\",\"description\":\"Especializa\u00e7\u00e3o em Produ\u00e7\u00e3o de Conte\u00fado Audiovisual para Multiplataformas\",\"potentialAction\":[{\"@type\":\"SearchAction\",\"target\":{\"@type\":\"EntryPoint\",\"urlTemplate\":\"http:\/\/geminisufscar.com.br\/especializacao\/?s={search_term_string}\"},\"query-input\":\"required name=search_term_string\"}],\"inLanguage\":\"pt-BR\"}]}<\/script>\n<!-- \/ Yoast SEO plugin. -->","yoast_head_json":{"title":"Contato - EAM UFSCar","robots":{"index":"index","follow":"follow","max-snippet":"max-snippet:-1","max-image-preview":"max-image-preview:large","max-video-preview":"max-video-preview:-1"},"canonical":"http:\/\/geminisufscar.com.br\/especializacao\/contato\/","og_locale":"pt_BR","og_type":"article","og_title":"Contato - EAM UFSCar","og_description":"Secretaria do Curso Coordena\u00e7\u00e3o: Prof. Dr. Jo\u00e3o Carlos Massarolo Endere\u00e7o: Sala 13 (segundo piso) &#8211;\u00a0CECH Universidade Federal de S\u00e3o Carlos &#8211; UFSCar Centro de Educa\u00e7\u00e3o e Ci\u00eancias Humanas &#8211; CECH Rodovia Washington Lu\u00eds, Km 235 &#8211; SP-310 CEP 13.565-905 &#8211; S\u00e3o Carlos, SP \u2013 Brasil Telefone\/Whatsapp: (16) 3306-6923\u00a0 \u00a0https:\/\/bit.ly\/whatsapp-eam-ufscar Email: eam@ufscar.br","og_url":"http:\/\/geminisufscar.com.br\/especializacao\/contato\/","og_site_name":"EAM UFSCar","article_modified_time":"2021-12-29T12:57:49+00:00","twitter_card":"summary_large_image","twitter_misc":{"Est. tempo de leitura":"1 minuto"},"schema":{"@context":"https:\/\/schema.org","@graph":[{"@type":"WebPage","@id":"http:\/\/geminisufscar.com.br\/especializacao\/contato\/","url":"http:\/\/geminisufscar.com.br\/especializacao\/contato\/","name":"Contato - EAM UFSCar","isPartOf":{"@id":"http:\/\/geminisufscar.com.br\/especializacao\/#website"},"datePublished":"2017-01-11T19:50:56+00:00","dateModified":"2021-12-29T12:57:49+00:00","breadcrumb":{"@id":"http:\/\/geminisufscar.com.br\/especializacao\/contato\/#breadcrumb"},"inLanguage":"pt-BR","potentialAction":[{"@type":"ReadAction","target":["http:\/\/geminisufscar.com.br\/especializacao\/contato\/"]}]},{"@type":"BreadcrumbList","@id":"http:\/\/geminisufscar.com.br\/especializacao\/contato\/#breadcrumb","itemListElement":[{"@type":"ListItem","position":1,"name":"In\u00edcio","item":"http:\/\/geminisufscar.com.br\/especializacao\/"},{"@type":"ListItem","position":2,"name":"Contato"}]},{"@type":"WebSite","@id":"http:\/\/geminisufscar.com.br\/especializacao\/#website","url":"http:\/\/geminisufscar.com.br\/especializacao\/","name":"EAM UFSCar","description":"Especializa\u00e7\u00e3o em Produ\u00e7\u00e3o de Conte\u00fado Audiovisual para Multiplataformas","potentialAction":[{"@type":"SearchAction","target":{"@type":"EntryPoint","urlTemplate":"http:\/\/geminisufscar.com.br\/especializacao\/?s={search_term_string}"},"query-input":"required name=search_term_string"}],"inLanguage":"pt-BR"}]}},"jetpack_sharing_enabled":true,"jetpack_shortlink":"https:\/\/wp.me\/PaHuPb-4F","_links":{"self":[{"href":"http:\/\/geminisufscar.com.br\/especializacao\/wp-json\/wp\/v2\/pages\/289","targetHints":{"allow":["GET"]}}],"collection":[{"href":"http:\/\/geminisufscar.com.br\/especializacao\/wp-json\/wp\/v2\/pages"}],"about":[{"href":"http:\/\/geminisufscar.com.br\/especializacao\/wp-json\/wp\/v2\/types\/page"}],"author":[{"embeddable":true,"href":"http:\/\/geminisufscar.com.br\/especializacao\/wp-json\/wp\/v2\/users\/5"}],"replies":[{"embeddable":true,"href":"http:\/\/geminisufscar.com.br\/especializacao\/wp-json\/wp\/v2\/comments?post=289"}],"version-history":[{"count":10,"href":"http:\/\/geminisufscar.com.br\/especializacao\/wp-json\/wp\/v2\/pages\/289\/revisions"}],"predecessor-version":[{"id":1708,"href":"http:\/\/geminisufscar.com.br\/especializacao\/wp-json\/wp\/v2\/pages\/289\/revisions\/1708"}],"wp:attachment":[{"href":"http:\/\/geminisufscar.com.br\/especializacao\/wp-json\/wp\/v2\/media?parent=289"}],"curies":[{"name":"wp","href":"https:\/\/api.w.org\/{rel}","templated":true}]}}