{"id":26,"date":"2014-11-26T18:40:04","date_gmt":"2014-11-26T18:40:04","guid":{"rendered":"http:\/\/www.geminis.ufscar.br\/especializacao\/?page_id=26"},"modified":"2022-12-19T19:11:06","modified_gmt":"2022-12-19T22:11:06","slug":"estrutura-curricular","status":"publish","type":"page","link":"http:\/\/geminisufscar.com.br\/especializacao\/estrutura-curricular\/","title":{"rendered":"Estrutura Curricular"},"content":{"rendered":"<p><span style=\"font-size: 13px;\">Curso tem a <strong>carga hor\u00e1ria de 360 horas<\/strong>, com dura\u00e7\u00e3o de 18 meses e aulas quinzenais sempre aos s\u00e1bados. O Trabalho de Conclus\u00e3o de Curso (TCC) consistir\u00e1 na produ\u00e7\u00e3o de uma monografia estrutura como documento do projeto transm\u00eddia. <\/span><\/p>\n<h2><span style=\"color: #000000;\"><strong>M\u00f3dulos de Disciplinas <\/strong><\/span><\/h2>\n<h4><span style=\"color: #ff9900;\">\u00bb M\u00d3DULO 01: T\u00d3PICOS AVAN\u00c7ADOS EM NARRATIVAS TRANSM\u00cdDIA: TEORIAS E M\u00c9TODOS (24HS) <\/span><\/h4>\n<p style=\"padding-left: 30px;\"><strong>Ementa<\/strong>: A disciplina apresenta um car\u00e1ter preponderantemente te\u00f3rico e reflexivo, com objetivo de fomentar a discuss\u00e3o sobre o entendimento do conceito de transmedia storytelling, suas formas de produ\u00e7\u00e3o e modelos de neg\u00f3cio, considerando pontos positivos e negativos evidentes no discurso das ind\u00fastrias criativas.<\/p>\n<h4><span style=\"color: #ff9900;\">\u00bb M\u00d3DULO 02: T\u00d3PICOS AVAN\u00c7ADOS EM CULTURA PARTICIPATIVA E REDES SOCIAIS (24HS) <\/span><\/h4>\n<p style=\"padding-left: 30px;\"><strong>Ementa<\/strong>: O ambiente da comunica\u00e7\u00e3o nas multiplataformas vive hoje uma grande transforma\u00e7\u00e3o devido \u00e0s redes sociais como Facebook, Twitter, Instagram, TikTok e YouTube. Com a cultura participativa nas redes, o usu\u00e1rio assume um protagonismo ao ser essa figura que consome e produz, simultaneamente, alterando as rela\u00e7\u00f5es de distribui\u00e7\u00e3o e cria\u00e7\u00e3o de conte\u00fados. O m\u00f3dulo tem o objetivo de capacitar os alunos no planejamento da cria\u00e7\u00e3o e gest\u00e3o de conte\u00fados nas redes sociais para os mais diversos projetos audiovisuais. .<\/p>\n<h4><span style=\"color: #ff9900;\">\u00bb M\u00d3DULO 03: T\u00d3PICOS AVAN\u00c7ADOS EM DESENVOLVIMENTO DE PROJETOS MULTIPLATAFORMAS (24HS) <\/span><\/h4>\n<p style=\"padding-left: 30px;\"><strong>Ementa:\u00a0<\/strong>O curso est\u00e1 estruturado em torno de tr\u00eas eixos. Primeiramente pretende apresentar e refletir sobre as pol\u00edticas p\u00fablicas implementadas no campo audiovisual nas \u00faltimas\u00a0duas d\u00e9cadas. Em segundo lugar visa diagnosticar os impactos que essas pol\u00edticas tiveram na cadeia de valor do audiovisual, especialmente no cinema. Finalmente prop\u00f5em a realiza\u00e7\u00e3o de um projeto de produ\u00e7\u00e3o de curta-metragem com base na nova configura\u00e7\u00e3o institucional do campo audiovisual.<\/p>\n<h4><span style=\"color: #ff9900;\">\u00bb M\u00d3DULO 04: T\u00d3PICOS AVAN\u00c7ADOS EM METODOLOGIAS DE PROJETOS MULTIPLATAFORMAS (40HS) <\/span><\/h4>\n<p style=\"padding-left: 30px;\"><strong>Ementa<\/strong>: Estudo do processo de organiza\u00e7\u00e3o de um trabalho cient\u00edfico para o desenvolvimento de uma pesquisa que ir\u00e1 auxiliar na se\u00e7\u00e3o da monografia acompanhada o projeto transm\u00eddia, como trabalho de conclus\u00e3o do curso. No decorrer da m\u00f3dulo os alunos ter\u00e3o oportunidade de participar de um processo de reflex\u00e3o constante sobre as diferentes etapas de realiza\u00e7\u00e3o de uma pesquisa na \u00e1rea da Comunica\u00e7\u00e3o: o conhecimento e a linguagem cient\u00edfica, a instrumentaliza\u00e7\u00e3o te\u00f3rico-pr\u00e1tica da pesquisa cient\u00edfica comunicacional, as perspectivas atuais de estudo nesse campo e a montagem de um roteiro para atualiza\u00e7\u00e3o e elabora\u00e7\u00e3o de suas propostas.<\/p>\n<h4><span style=\"color: #ff9900; font-size: 1em;\">\u00bb M\u00d3DULO 05: T\u00d3PICOS AVAN\u00c7ADOS DA ECONOMIA DO ENTRETENIMENTO MULTIPLATAFORMA (24HS) <\/span><\/h4>\n<p style=\"padding-left: 30px;\"><strong>Ementa<\/strong>: O m\u00f3dulo pretende discutir sobre a no\u00e7\u00e3o de plataforma e suas implica\u00e7\u00f5es econ\u00f4micas e produtivas no entretenimento contempor\u00e2neo. Em paralelo ao debate conceitual e estudos de caso, haver\u00e1 exerc\u00edcios pr\u00e1ticos que abordem estrat\u00e9gias de uso de m\u00faltiplas plataformas em projeto transm\u00eddia, considerando caracter\u00edsticas t\u00e9cnicas e de design de cada uma delas. <strong>Modalidade<\/strong>: Presencial.<\/p>\n<h4><span style=\"color: #ff9900;\">\u00bb M\u00d3DULO 06: T\u00d3PICOS AVAN\u00c7ADOS EM PROPRIEDADE INTELECTUAL NO AUDIOVISUAL (24HS)<\/span><\/h4>\n<p style=\"padding-left: 30px; text-align: justify;\"><strong>Ementa<\/strong>: O m\u00f3dulo busca apresentar conceitos jur\u00eddicos a respeito da propriedade intelectual no mercado audiovisual brasileiro, explorando aspectos pr\u00e1ticos para a realiza\u00e7\u00e3o de contratos com os diferentes agentes envolvidos na realiza\u00e7\u00e3o de um projeto audiovisual para multiplataformas, bem como a explora\u00e7\u00e3o da propriedade intelectual no mercado em diferentes suportes midi\u00e1ticos e plataformas digitais.<\/p>\n<h4><span style=\"color: #ff9900;\">\u00bb M\u00d3DULO 07: SEMIN\u00c1RIOS DE PESQUISA (56HS) <\/span><\/h4>\n<p style=\"padding-left: 30px;\"><strong>Ementa<\/strong>:\u00a0 Atividades complementares monitoradas que compreender\u00e3o um conjunto de workshops e\/ou semin\u00e1rios sobre temas correlatos, seguidos por outras atividades sugeridas pela Coordena\u00e7\u00e3o e\/ou professores.<\/p>\n<h4><span style=\"color: #ff9900;\">\u00bb M\u00d3DULO 08: T\u00d3PICOS AVAN\u00c7ADOS EM ESTRAT\u00c9GIAS DE PROTOTIPAGEM PARA MULTIPLATAFORMAS (48HS)<\/span><\/h4>\n<p style=\"padding-left: 30px;\"><strong>Ementa<\/strong>: Nesse m\u00f3dulo, ir\u00e1 elaborar um primeiro teste de prototipagem de suas propostas de projeto transm\u00eddia, que ser\u00e1 desenvolvido a fim de serem apresentados como trabalho de conclus\u00e3o de curso. Para tanto, se far\u00e1 uso da t\u00e9cnica de desenvolvimento MVP (minimum viable product) para o desenvolvimento de um prot\u00f3tipo com um m\u00ednimo de custo poss\u00edvel, utilizando-se de recursos gratuitos para conte\u00fados em websites e redes sociais, por exemplo.<\/p>\n<h4><span style=\"color: #ff9900;\">\u00bb M\u00d3DULO 09: T\u00d3PICOS AVAN\u00c7ADOS EM DESIGN MULTIPLATAFORMA (72HS)<\/span><\/h4>\n<p style=\"padding-left: 30px;\"><strong>Ementa<\/strong>: M\u00f3dulo destinado para pesquisa e discuss\u00e3o dos elementos conceituais e projetuais de um projeto audiovisual multiplataforma, com acompanhamento do corpo docente, apresentando um conte\u00fado program\u00e1tico voltado para o pensamento projetual no campo do design transm\u00eddia, com abordagens que podem se moldar conforme as necessidades de cada projeto apresentado para disciplina.<\/p>\n<p><!-- p { margin-bottom: 0.25cm; direction: ltr; color: rgb(0, 0, 10); line-height: 120%; text-align: left; widows: 2; orphans: 2; }p.western { font-family: \"Calibri\",serif; font-size: 11pt; }p.cjk { font-family: \"Droid Sans Fallback\"; font-size: 11pt; }p.ctl { font-family: \"Calibri\"; font-size: 11pt; }a:link { } --><\/p>\n","protected":false},"excerpt":{"rendered":"<p>Curso tem a carga hor\u00e1ria de 360 horas, com dura\u00e7\u00e3o de 18 meses e aulas quinzenais sempre aos s\u00e1bados. O Trabalho de Conclus\u00e3o de Curso (TCC) consistir\u00e1 na produ\u00e7\u00e3o de uma monografia estrutura como documento do projeto transm\u00eddia. M\u00f3dulos de Disciplinas \u00bb M\u00d3DULO 01: T\u00d3PICOS AVAN\u00c7ADOS EM NARRATIVAS TRANSM\u00cdDIA: TEORIAS E M\u00c9TODOS (24HS) Ementa: A&hellip;<\/p>\n","protected":false},"author":1,"featured_media":0,"parent":0,"menu_order":2,"comment_status":"closed","ping_status":"closed","template":"","meta":{"_bbp_topic_count":0,"_bbp_reply_count":0,"_bbp_total_topic_count":0,"_bbp_total_reply_count":0,"_bbp_voice_count":0,"_bbp_anonymous_reply_count":0,"_bbp_topic_count_hidden":0,"_bbp_reply_count_hidden":0,"_bbp_forum_subforum_count":0,"_exactmetrics_skip_tracking":false,"_exactmetrics_sitenote_active":false,"_exactmetrics_sitenote_note":"","_exactmetrics_sitenote_category":0,"jetpack_post_was_ever_published":false,"footnotes":""},"class_list":["post-26","page","type-page","status-publish","hentry","description-off"],"yoast_head":"<!-- This site is optimized with the Yoast SEO plugin v22.0 - https:\/\/yoast.com\/wordpress\/plugins\/seo\/ -->\n<title>Estrutura Curricular - EAM UFSCar<\/title>\n<meta name=\"robots\" content=\"index, follow, max-snippet:-1, max-image-preview:large, max-video-preview:-1\" \/>\n<link rel=\"canonical\" href=\"http:\/\/geminisufscar.com.br\/especializacao\/estrutura-curricular\/\" class=\"yoast-seo-meta-tag\" \/>\n<meta property=\"og:locale\" content=\"pt_BR\" class=\"yoast-seo-meta-tag\" \/>\n<meta property=\"og:type\" content=\"article\" class=\"yoast-seo-meta-tag\" \/>\n<meta property=\"og:title\" content=\"Estrutura Curricular - EAM UFSCar\" class=\"yoast-seo-meta-tag\" \/>\n<meta property=\"og:description\" content=\"Curso tem a carga hor\u00e1ria de 360 horas, com dura\u00e7\u00e3o de 18 meses e aulas quinzenais sempre aos s\u00e1bados. O Trabalho de Conclus\u00e3o de Curso (TCC) consistir\u00e1 na produ\u00e7\u00e3o de uma monografia estrutura como documento do projeto transm\u00eddia. M\u00f3dulos de Disciplinas \u00bb M\u00d3DULO 01: T\u00d3PICOS AVAN\u00c7ADOS EM NARRATIVAS TRANSM\u00cdDIA: TEORIAS E M\u00c9TODOS (24HS) Ementa: A&hellip;\" class=\"yoast-seo-meta-tag\" \/>\n<meta property=\"og:url\" content=\"http:\/\/geminisufscar.com.br\/especializacao\/estrutura-curricular\/\" class=\"yoast-seo-meta-tag\" \/>\n<meta property=\"og:site_name\" content=\"EAM UFSCar\" class=\"yoast-seo-meta-tag\" \/>\n<meta property=\"article:modified_time\" content=\"2022-12-19T22:11:06+00:00\" class=\"yoast-seo-meta-tag\" \/>\n<meta name=\"twitter:card\" content=\"summary_large_image\" class=\"yoast-seo-meta-tag\" \/>\n<meta name=\"twitter:label1\" content=\"Est. tempo de leitura\" class=\"yoast-seo-meta-tag\" \/>\n\t<meta name=\"twitter:data1\" content=\"3 minutos\" class=\"yoast-seo-meta-tag\" \/>\n<script type=\"application\/ld+json\" class=\"yoast-schema-graph\">{\"@context\":\"https:\/\/schema.org\",\"@graph\":[{\"@type\":\"WebPage\",\"@id\":\"http:\/\/geminisufscar.com.br\/especializacao\/estrutura-curricular\/\",\"url\":\"http:\/\/geminisufscar.com.br\/especializacao\/estrutura-curricular\/\",\"name\":\"Estrutura Curricular - EAM UFSCar\",\"isPartOf\":{\"@id\":\"http:\/\/geminisufscar.com.br\/especializacao\/#website\"},\"datePublished\":\"2014-11-26T18:40:04+00:00\",\"dateModified\":\"2022-12-19T22:11:06+00:00\",\"breadcrumb\":{\"@id\":\"http:\/\/geminisufscar.com.br\/especializacao\/estrutura-curricular\/#breadcrumb\"},\"inLanguage\":\"pt-BR\",\"potentialAction\":[{\"@type\":\"ReadAction\",\"target\":[\"http:\/\/geminisufscar.com.br\/especializacao\/estrutura-curricular\/\"]}]},{\"@type\":\"BreadcrumbList\",\"@id\":\"http:\/\/geminisufscar.com.br\/especializacao\/estrutura-curricular\/#breadcrumb\",\"itemListElement\":[{\"@type\":\"ListItem\",\"position\":1,\"name\":\"In\u00edcio\",\"item\":\"http:\/\/geminisufscar.com.br\/especializacao\/\"},{\"@type\":\"ListItem\",\"position\":2,\"name\":\"Estrutura Curricular\"}]},{\"@type\":\"WebSite\",\"@id\":\"http:\/\/geminisufscar.com.br\/especializacao\/#website\",\"url\":\"http:\/\/geminisufscar.com.br\/especializacao\/\",\"name\":\"EAM UFSCar\",\"description\":\"Especializa\u00e7\u00e3o em Produ\u00e7\u00e3o de Conte\u00fado Audiovisual para Multiplataformas\",\"potentialAction\":[{\"@type\":\"SearchAction\",\"target\":{\"@type\":\"EntryPoint\",\"urlTemplate\":\"http:\/\/geminisufscar.com.br\/especializacao\/?s={search_term_string}\"},\"query-input\":\"required name=search_term_string\"}],\"inLanguage\":\"pt-BR\"}]}<\/script>\n<!-- \/ Yoast SEO plugin. -->","yoast_head_json":{"title":"Estrutura Curricular - EAM UFSCar","robots":{"index":"index","follow":"follow","max-snippet":"max-snippet:-1","max-image-preview":"max-image-preview:large","max-video-preview":"max-video-preview:-1"},"canonical":"http:\/\/geminisufscar.com.br\/especializacao\/estrutura-curricular\/","og_locale":"pt_BR","og_type":"article","og_title":"Estrutura Curricular - EAM UFSCar","og_description":"Curso tem a carga hor\u00e1ria de 360 horas, com dura\u00e7\u00e3o de 18 meses e aulas quinzenais sempre aos s\u00e1bados. O Trabalho de Conclus\u00e3o de Curso (TCC) consistir\u00e1 na produ\u00e7\u00e3o de uma monografia estrutura como documento do projeto transm\u00eddia. M\u00f3dulos de Disciplinas \u00bb M\u00d3DULO 01: T\u00d3PICOS AVAN\u00c7ADOS EM NARRATIVAS TRANSM\u00cdDIA: TEORIAS E M\u00c9TODOS (24HS) Ementa: A&hellip;","og_url":"http:\/\/geminisufscar.com.br\/especializacao\/estrutura-curricular\/","og_site_name":"EAM UFSCar","article_modified_time":"2022-12-19T22:11:06+00:00","twitter_card":"summary_large_image","twitter_misc":{"Est. tempo de leitura":"3 minutos"},"schema":{"@context":"https:\/\/schema.org","@graph":[{"@type":"WebPage","@id":"http:\/\/geminisufscar.com.br\/especializacao\/estrutura-curricular\/","url":"http:\/\/geminisufscar.com.br\/especializacao\/estrutura-curricular\/","name":"Estrutura Curricular - EAM UFSCar","isPartOf":{"@id":"http:\/\/geminisufscar.com.br\/especializacao\/#website"},"datePublished":"2014-11-26T18:40:04+00:00","dateModified":"2022-12-19T22:11:06+00:00","breadcrumb":{"@id":"http:\/\/geminisufscar.com.br\/especializacao\/estrutura-curricular\/#breadcrumb"},"inLanguage":"pt-BR","potentialAction":[{"@type":"ReadAction","target":["http:\/\/geminisufscar.com.br\/especializacao\/estrutura-curricular\/"]}]},{"@type":"BreadcrumbList","@id":"http:\/\/geminisufscar.com.br\/especializacao\/estrutura-curricular\/#breadcrumb","itemListElement":[{"@type":"ListItem","position":1,"name":"In\u00edcio","item":"http:\/\/geminisufscar.com.br\/especializacao\/"},{"@type":"ListItem","position":2,"name":"Estrutura Curricular"}]},{"@type":"WebSite","@id":"http:\/\/geminisufscar.com.br\/especializacao\/#website","url":"http:\/\/geminisufscar.com.br\/especializacao\/","name":"EAM UFSCar","description":"Especializa\u00e7\u00e3o em Produ\u00e7\u00e3o de Conte\u00fado Audiovisual para Multiplataformas","potentialAction":[{"@type":"SearchAction","target":{"@type":"EntryPoint","urlTemplate":"http:\/\/geminisufscar.com.br\/especializacao\/?s={search_term_string}"},"query-input":"required name=search_term_string"}],"inLanguage":"pt-BR"}]}},"jetpack_sharing_enabled":true,"jetpack_shortlink":"https:\/\/wp.me\/PaHuPb-q","_links":{"self":[{"href":"http:\/\/geminisufscar.com.br\/especializacao\/wp-json\/wp\/v2\/pages\/26","targetHints":{"allow":["GET"]}}],"collection":[{"href":"http:\/\/geminisufscar.com.br\/especializacao\/wp-json\/wp\/v2\/pages"}],"about":[{"href":"http:\/\/geminisufscar.com.br\/especializacao\/wp-json\/wp\/v2\/types\/page"}],"author":[{"embeddable":true,"href":"http:\/\/geminisufscar.com.br\/especializacao\/wp-json\/wp\/v2\/users\/1"}],"replies":[{"embeddable":true,"href":"http:\/\/geminisufscar.com.br\/especializacao\/wp-json\/wp\/v2\/comments?post=26"}],"version-history":[{"count":40,"href":"http:\/\/geminisufscar.com.br\/especializacao\/wp-json\/wp\/v2\/pages\/26\/revisions"}],"predecessor-version":[{"id":1940,"href":"http:\/\/geminisufscar.com.br\/especializacao\/wp-json\/wp\/v2\/pages\/26\/revisions\/1940"}],"wp:attachment":[{"href":"http:\/\/geminisufscar.com.br\/especializacao\/wp-json\/wp\/v2\/media?parent=26"}],"curies":[{"name":"wp","href":"https:\/\/api.w.org\/{rel}","templated":true}]}}