{"id":1165,"date":"2019-02-25T14:19:53","date_gmt":"2019-02-25T17:19:53","guid":{"rendered":"http:\/\/geminisufscar.com.br\/especializacao\/?page_id=1165"},"modified":"2019-05-28T21:04:12","modified_gmt":"2019-05-29T00:04:12","slug":"webinarios","status":"publish","type":"page","link":"http:\/\/geminisufscar.com.br\/especializacao\/webinarios\/","title":{"rendered":"Webin\u00e1rios"},"content":{"rendered":"<h3><strong>De quem \u00e9 esse mundo? &#8211; o desafio da propriedade intelectual em projetos multiplaforma<\/strong><\/h3>\n<p><strong>Ministrante<\/strong>: prof. Me. Gustavo Padovani (UFSCar)<br \/>\n<strong>Resumo<\/strong>:\u00a0 Toda forma de cria\u00e7\u00e3o de conte\u00fado audiovisual contempor\u00e2nea encontra um grande desafio: como criar uma marca respons\u00e1vel por um conte\u00fado de valor e rent\u00e1vel? Com as din\u00e2micas transm\u00eddia das \u00faltimas d\u00e9cadas e a produ\u00e7\u00e3o de conte\u00fado para as redes, produtores e consumidores ocupam espa\u00e7os semelhantes e novos modelos de neg\u00f3cios s\u00e3o criados para dar conta das mais diversas formas de cria\u00e7\u00e3o, distribui\u00e7\u00e3o e recep\u00e7\u00e3o?<br \/>\n<strong>Assistir<\/strong>: <a href=\"https:\/\/webinar.center\/join\/TMU49988\">https:\/\/webinar.center\/join\/TMU49988<\/a><\/p>\n<h3><strong>Panorama das Narrativas Interativas<\/strong><\/h3>\n<p><strong>Ministrante<\/strong>: prof. Dr. Leonardo Andrade (UFSCar)<br \/>\n<strong>Resumo<\/strong>:\u00a0 A interatividade tem cada vez mais ocupado espa\u00e7o na comunica\u00e7\u00e3o, dentro de narrativas. Ser\u00e1 apresentado um panorama, desde as primeiras iniciativas l\u00fadicas que temos registros hist\u00f3ricos at\u00e9 as intera\u00e7\u00f5es que as novas m\u00eddias digitais est\u00e3o proporcionando aos usu\u00e1rios.<br \/>\n<strong>Assistir<\/strong>: <a href=\"https:\/\/webinar.center\/join\/HPQ48954\">https:\/\/webinar.center\/join\/HPQ48954<\/a><\/p>\n<h3><strong>Letramento Transm\u00eddia sem Manual<\/strong><\/h3>\n<p><strong>Ministrante<\/strong>: profa. Dra. Nai\u00e1 Sadi C\u00e2mara (UNAERP)<br \/>\n<strong>Resumo<\/strong>:\u00a0 Letramento sempre esteve associado \u00e0s quest\u00f5es de alfabetiza\u00e7\u00e3o e, com o avan\u00e7o das tecnologias de linguagens sempre associado a propostas, a receitas de como trabalhar com o ensino b\u00e1sico nas novas m\u00edd\u00edas. Nossa proposta, no entanto, \u00e9 justamente desconstruir essa vis\u00e3o mostrando que no universo da l\u00f3gica transm\u00edda o conceito de letramento ganha novos contornos e torna-se um conceito essencial nas pr\u00e1ticas de produ\u00e7\u00e3o, recep\u00e7\u00e3o e circula\u00e7\u00e3o de conte\u00fados, bem como nas pr\u00e1ticas de ensino e aprendizagem de comunica\u00e7\u00e3o multiplataformas.<br \/>\n<strong>Assistir<\/strong>:\u00a0 <a href=\"https:\/\/webinar.center\/join\/UMF18445\">https:\/\/webinar.center\/join\/UMF18445<\/a><\/p>\n<h3><strong>Fim do Jornalismo ? &#8211; Novos arranjos produtivos da comunica\u00e7\u00e3o<\/strong><\/h3>\n<p><strong>Ministrante<\/strong>: prof. Dr. Pedro Varoni (Editor do Observat\u00f3rio da Imprensa)<br \/>\n<strong>Resumo<\/strong>:\u00a0 Eixos de explora\u00e7\u00e3o: 1) Descri\u00e7\u00e3o de cen\u00e1rio das mudan\u00e7as nas formas de produ\u00e7\u00e3o e distribui\u00e7\u00e3o de conte\u00fado. 2) Impacto das mudan\u00e7as em atividades tradicionais, com \u00eanfase para o jornalismo. 3) Novas oportunidades, com \u00eanfase para o \u00e1udio-visual. 4) A comunica\u00e7\u00e3o e a produ\u00e7\u00e3o de subjetividades.<br \/>\n<strong>Assistir<\/strong>: <a href=\"https:\/\/webinar.center\/join\/TLR14491\">https:\/\/webinar.center\/join\/TLR14491<\/a><\/p>\n<h3><strong>Oficina de realiza\u00e7\u00e3o de projetos multiplataformas <\/strong><\/h3>\n<p><strong>Ministrantes<\/strong>: prof. Dr. Jo\u00e3o Massarolo \/\u00a0 prof. Me. Gustavo Padovani (UNICAMP)<br \/>\n<strong>Resumo<\/strong>:\u00a0 Essa oficina discute as pr\u00e1ticas e as estrat\u00e9gias para a cria\u00e7\u00e3o de um projeto multiplataforma. Com a participa\u00e7\u00e3o de professores da EAM, a atividade tamb\u00e9m ir\u00e1 explorar aspectos sobre o curso, o desenvolvimento do projeto final e seus participantes garantem 30% de desconto em todas as mensalidades.<br \/>\n<strong>Assistir: <\/strong><a href=\"https:\/\/webinar.center\/join\/YZU8873\">https:\/\/webinar.center\/join\/YZU8873<\/a><\/p>\n<h3><strong>Estrat\u00e9gias de (des)constru\u00e7\u00e3o de marcas em tempos de fake news<\/strong><\/h3>\n<p><strong>Ministrante<\/strong>: profa. Dra. Sylvia Iasulaitis (UFSCar)<br \/>\n<strong>Resumo<\/strong>:\u00a0 As marcas levam tempo para construir uma reputa\u00e7\u00e3o, mas as fake news, n\u00e3o neutralizadas estrategicamente, podem arruin\u00e1-las rapidamente. Estrat\u00e9gia comunicacional antiga, mas abissalmente potencializada pelo uso das novas tecnologias, as fake news ser\u00e3o analisadas em um novo e intrigante cen\u00e1rio de p\u00f3s verdade.<br \/>\n<strong>Assistir<\/strong>: <a href=\"https:\/\/webinar.center\/join\/ZHX56739\">https:\/\/webinar.center\/join\/ZHX56739<\/a><\/p>\n<h3><strong>Produtor transm\u00eddia: mito ou realidade no Brasil?<\/strong><\/h3>\n<p><strong>Ministrante<\/strong>: prof. Dr. Jo\u00e3o Massarolo (UFSCar)<br \/>\n<strong>Resumo<\/strong>:\u00a0 Enquanto que em diferentes pa\u00edses o papel do produtor transm\u00eddia \u00e9 bem estabelecido, no Brasil essa fun\u00e7\u00e3o ainda \u00e9 debatida e pouco reconhecida apesar de sua import\u00e2ncia estrat\u00e9gica para o desenvolvimento e coordena\u00e7\u00e3o de projetos em diferentes m\u00eddias.<br \/>\n<strong>Assistir<\/strong>:<a href=\"https:\/\/webinar.center\/join\/LJT4221\"> https:\/\/webinar.center\/join\/LJT4221<\/a><\/p>\n","protected":false},"excerpt":{"rendered":"<p>De quem \u00e9 esse mundo? &#8211; o desafio da propriedade intelectual em projetos multiplaforma Ministrante: prof. Me. Gustavo Padovani (UFSCar) Resumo:\u00a0 Toda forma de cria\u00e7\u00e3o de conte\u00fado audiovisual contempor\u00e2nea encontra um grande desafio: como criar uma marca respons\u00e1vel por um conte\u00fado de valor e rent\u00e1vel? Com as din\u00e2micas transm\u00eddia das \u00faltimas d\u00e9cadas e a produ\u00e7\u00e3o&hellip;<\/p>\n","protected":false},"author":1,"featured_media":0,"parent":0,"menu_order":0,"comment_status":"closed","ping_status":"closed","template":"","meta":{"_bbp_topic_count":0,"_bbp_reply_count":0,"_bbp_total_topic_count":0,"_bbp_total_reply_count":0,"_bbp_voice_count":0,"_bbp_anonymous_reply_count":0,"_bbp_topic_count_hidden":0,"_bbp_reply_count_hidden":0,"_bbp_forum_subforum_count":0,"_exactmetrics_skip_tracking":false,"_exactmetrics_sitenote_active":false,"_exactmetrics_sitenote_note":"","_exactmetrics_sitenote_category":0,"jetpack_post_was_ever_published":false,"footnotes":""},"class_list":["post-1165","page","type-page","status-publish","hentry","description-off"],"yoast_head":"<!-- This site is optimized with the Yoast SEO plugin v22.0 - https:\/\/yoast.com\/wordpress\/plugins\/seo\/ -->\n<title>Webin\u00e1rios - EAM UFSCar<\/title>\n<meta name=\"robots\" content=\"index, follow, max-snippet:-1, max-image-preview:large, max-video-preview:-1\" \/>\n<link rel=\"canonical\" href=\"http:\/\/geminisufscar.com.br\/especializacao\/webinarios\/\" class=\"yoast-seo-meta-tag\" \/>\n<meta property=\"og:locale\" content=\"pt_BR\" class=\"yoast-seo-meta-tag\" \/>\n<meta property=\"og:type\" content=\"article\" class=\"yoast-seo-meta-tag\" \/>\n<meta property=\"og:title\" content=\"Webin\u00e1rios - EAM UFSCar\" class=\"yoast-seo-meta-tag\" \/>\n<meta property=\"og:description\" content=\"De quem \u00e9 esse mundo? &#8211; o desafio da propriedade intelectual em projetos multiplaforma Ministrante: prof. Me. Gustavo Padovani (UFSCar) Resumo:\u00a0 Toda forma de cria\u00e7\u00e3o de conte\u00fado audiovisual contempor\u00e2nea encontra um grande desafio: como criar uma marca respons\u00e1vel por um conte\u00fado de valor e rent\u00e1vel? Com as din\u00e2micas transm\u00eddia das \u00faltimas d\u00e9cadas e a produ\u00e7\u00e3o&hellip;\" class=\"yoast-seo-meta-tag\" \/>\n<meta property=\"og:url\" content=\"http:\/\/geminisufscar.com.br\/especializacao\/webinarios\/\" class=\"yoast-seo-meta-tag\" \/>\n<meta property=\"og:site_name\" content=\"EAM UFSCar\" class=\"yoast-seo-meta-tag\" \/>\n<meta property=\"article:modified_time\" content=\"2019-05-29T00:04:12+00:00\" class=\"yoast-seo-meta-tag\" \/>\n<meta name=\"twitter:card\" content=\"summary_large_image\" class=\"yoast-seo-meta-tag\" \/>\n<meta name=\"twitter:label1\" content=\"Est. tempo de leitura\" class=\"yoast-seo-meta-tag\" \/>\n\t<meta name=\"twitter:data1\" content=\"3 minutos\" class=\"yoast-seo-meta-tag\" \/>\n<script type=\"application\/ld+json\" class=\"yoast-schema-graph\">{\"@context\":\"https:\/\/schema.org\",\"@graph\":[{\"@type\":\"WebPage\",\"@id\":\"http:\/\/geminisufscar.com.br\/especializacao\/webinarios\/\",\"url\":\"http:\/\/geminisufscar.com.br\/especializacao\/webinarios\/\",\"name\":\"Webin\u00e1rios - EAM UFSCar\",\"isPartOf\":{\"@id\":\"http:\/\/geminisufscar.com.br\/especializacao\/#website\"},\"datePublished\":\"2019-02-25T17:19:53+00:00\",\"dateModified\":\"2019-05-29T00:04:12+00:00\",\"breadcrumb\":{\"@id\":\"http:\/\/geminisufscar.com.br\/especializacao\/webinarios\/#breadcrumb\"},\"inLanguage\":\"pt-BR\",\"potentialAction\":[{\"@type\":\"ReadAction\",\"target\":[\"http:\/\/geminisufscar.com.br\/especializacao\/webinarios\/\"]}]},{\"@type\":\"BreadcrumbList\",\"@id\":\"http:\/\/geminisufscar.com.br\/especializacao\/webinarios\/#breadcrumb\",\"itemListElement\":[{\"@type\":\"ListItem\",\"position\":1,\"name\":\"In\u00edcio\",\"item\":\"http:\/\/geminisufscar.com.br\/especializacao\/\"},{\"@type\":\"ListItem\",\"position\":2,\"name\":\"Webin\u00e1rios\"}]},{\"@type\":\"WebSite\",\"@id\":\"http:\/\/geminisufscar.com.br\/especializacao\/#website\",\"url\":\"http:\/\/geminisufscar.com.br\/especializacao\/\",\"name\":\"EAM UFSCar\",\"description\":\"Especializa\u00e7\u00e3o em Produ\u00e7\u00e3o de Conte\u00fado Audiovisual para Multiplataformas\",\"potentialAction\":[{\"@type\":\"SearchAction\",\"target\":{\"@type\":\"EntryPoint\",\"urlTemplate\":\"http:\/\/geminisufscar.com.br\/especializacao\/?s={search_term_string}\"},\"query-input\":\"required name=search_term_string\"}],\"inLanguage\":\"pt-BR\"}]}<\/script>\n<!-- \/ Yoast SEO plugin. -->","yoast_head_json":{"title":"Webin\u00e1rios - EAM UFSCar","robots":{"index":"index","follow":"follow","max-snippet":"max-snippet:-1","max-image-preview":"max-image-preview:large","max-video-preview":"max-video-preview:-1"},"canonical":"http:\/\/geminisufscar.com.br\/especializacao\/webinarios\/","og_locale":"pt_BR","og_type":"article","og_title":"Webin\u00e1rios - EAM UFSCar","og_description":"De quem \u00e9 esse mundo? &#8211; o desafio da propriedade intelectual em projetos multiplaforma Ministrante: prof. Me. Gustavo Padovani (UFSCar) Resumo:\u00a0 Toda forma de cria\u00e7\u00e3o de conte\u00fado audiovisual contempor\u00e2nea encontra um grande desafio: como criar uma marca respons\u00e1vel por um conte\u00fado de valor e rent\u00e1vel? Com as din\u00e2micas transm\u00eddia das \u00faltimas d\u00e9cadas e a produ\u00e7\u00e3o&hellip;","og_url":"http:\/\/geminisufscar.com.br\/especializacao\/webinarios\/","og_site_name":"EAM UFSCar","article_modified_time":"2019-05-29T00:04:12+00:00","twitter_card":"summary_large_image","twitter_misc":{"Est. tempo de leitura":"3 minutos"},"schema":{"@context":"https:\/\/schema.org","@graph":[{"@type":"WebPage","@id":"http:\/\/geminisufscar.com.br\/especializacao\/webinarios\/","url":"http:\/\/geminisufscar.com.br\/especializacao\/webinarios\/","name":"Webin\u00e1rios - EAM UFSCar","isPartOf":{"@id":"http:\/\/geminisufscar.com.br\/especializacao\/#website"},"datePublished":"2019-02-25T17:19:53+00:00","dateModified":"2019-05-29T00:04:12+00:00","breadcrumb":{"@id":"http:\/\/geminisufscar.com.br\/especializacao\/webinarios\/#breadcrumb"},"inLanguage":"pt-BR","potentialAction":[{"@type":"ReadAction","target":["http:\/\/geminisufscar.com.br\/especializacao\/webinarios\/"]}]},{"@type":"BreadcrumbList","@id":"http:\/\/geminisufscar.com.br\/especializacao\/webinarios\/#breadcrumb","itemListElement":[{"@type":"ListItem","position":1,"name":"In\u00edcio","item":"http:\/\/geminisufscar.com.br\/especializacao\/"},{"@type":"ListItem","position":2,"name":"Webin\u00e1rios"}]},{"@type":"WebSite","@id":"http:\/\/geminisufscar.com.br\/especializacao\/#website","url":"http:\/\/geminisufscar.com.br\/especializacao\/","name":"EAM UFSCar","description":"Especializa\u00e7\u00e3o em Produ\u00e7\u00e3o de Conte\u00fado Audiovisual para Multiplataformas","potentialAction":[{"@type":"SearchAction","target":{"@type":"EntryPoint","urlTemplate":"http:\/\/geminisufscar.com.br\/especializacao\/?s={search_term_string}"},"query-input":"required name=search_term_string"}],"inLanguage":"pt-BR"}]}},"jetpack_sharing_enabled":true,"jetpack_shortlink":"https:\/\/wp.me\/PaHuPb-iN","_links":{"self":[{"href":"http:\/\/geminisufscar.com.br\/especializacao\/wp-json\/wp\/v2\/pages\/1165","targetHints":{"allow":["GET"]}}],"collection":[{"href":"http:\/\/geminisufscar.com.br\/especializacao\/wp-json\/wp\/v2\/pages"}],"about":[{"href":"http:\/\/geminisufscar.com.br\/especializacao\/wp-json\/wp\/v2\/types\/page"}],"author":[{"embeddable":true,"href":"http:\/\/geminisufscar.com.br\/especializacao\/wp-json\/wp\/v2\/users\/1"}],"replies":[{"embeddable":true,"href":"http:\/\/geminisufscar.com.br\/especializacao\/wp-json\/wp\/v2\/comments?post=1165"}],"version-history":[{"count":5,"href":"http:\/\/geminisufscar.com.br\/especializacao\/wp-json\/wp\/v2\/pages\/1165\/revisions"}],"predecessor-version":[{"id":1283,"href":"http:\/\/geminisufscar.com.br\/especializacao\/wp-json\/wp\/v2\/pages\/1165\/revisions\/1283"}],"wp:attachment":[{"href":"http:\/\/geminisufscar.com.br\/especializacao\/wp-json\/wp\/v2\/media?parent=1165"}],"curies":[{"name":"wp","href":"https:\/\/api.w.org\/{rel}","templated":true}]}}