{"id":1114,"date":"2019-01-16T09:36:28","date_gmt":"2019-01-16T11:36:28","guid":{"rendered":"http:\/\/geminisufscar.com.br\/especializacao\/?page_id=1114"},"modified":"2021-12-29T09:40:03","modified_gmt":"2021-12-29T12:40:03","slug":"perfil-do-egresso","status":"publish","type":"page","link":"http:\/\/geminisufscar.com.br\/especializacao\/apresentacao\/perfil-do-egresso\/","title":{"rendered":"Perfil do Egresso"},"content":{"rendered":"<p>A <strong>P\u00f3s-Gradua\u00e7\u00e3o em Produ\u00e7\u00e3o de Conte\u00fados Audiovisuais Multiplataformas (EAM)<\/strong> da UFSCar, tem como objetivo a forma\u00e7\u00e3o de um produtor multiplataforma com uma vis\u00e3o integrada e abrangente do ecossistema transmidi\u00e1tico (tv, cinema, games, internet, redes sociais e dispositivos m\u00f3veis, entre outros), habilitado a conceber e desenvolver projetos inovadores de conte\u00fados e plataformas audiovisuais.<\/p>\n<p>O curso \u00e9 destinado para profissionais de comunica\u00e7\u00e3o e artes, produtores audiovisuais, educadores, profissionais de marketing, desenvolvedores de games, softwares e designers.<\/p>\n<p>O produtor multiplataforma estar\u00e1 capacitado nas seguintes linhas de atua\u00e7\u00e3o:<\/p>\n<ul>\n<li>Concep\u00e7\u00e3o e implementa\u00e7\u00e3o de projetos transm\u00eddia;<\/li>\n<li>Modelagem de neg\u00f3cios para plataformas audiovisuais;<\/li>\n<li>Planejamento e gest\u00e3o de Propriedade Intelectual;<\/li>\n<li>Concep\u00e7\u00e3o de Franquia de M\u00eddia;<\/li>\n<li>An\u00e1lise estrat\u00e9gica dos p\u00fablicos e estudo de m\u00e9tricas;<\/li>\n<li>Estrat\u00e9gicas comunicacionais para a forma\u00e7\u00e3o de influenciadores digitais;<\/li>\n<li>Concep\u00e7\u00e3o de projetos de experi\u00eancias l\u00fadicas para ambientes imersivos;<\/li>\n<li>Monitoramento de redes e an\u00e1lise de banco de dados;<\/li>\n<li>Cria\u00e7\u00e3o de Branded Content transm\u00eddia;<\/li>\n<li>Dom\u00ednio de t\u00e9cnicas inovadoras de participa\u00e7\u00e3o e intera\u00e7\u00e3o com o p\u00fablico;<\/li>\n<li>Cria\u00e7\u00e3o de projetos de Design Ficcional;<\/li>\n<li>Desenvolvimento de compet\u00eancias transmidi\u00e1ticas para educa\u00e7\u00e3o;<\/li>\n<li>Curadoria de plataformas audiovisuais;<\/li>\n<li>Cria\u00e7\u00e3o e produ\u00e7\u00e3o de narrativas interativas.<\/li>\n<\/ul>\n","protected":false},"excerpt":{"rendered":"<p>A P\u00f3s-Gradua\u00e7\u00e3o em Produ\u00e7\u00e3o de Conte\u00fados Audiovisuais Multiplataformas (EAM) da UFSCar, tem como objetivo a forma\u00e7\u00e3o de um produtor multiplataforma com uma vis\u00e3o integrada e abrangente do ecossistema transmidi\u00e1tico (tv, cinema, games, internet, redes sociais e dispositivos m\u00f3veis, entre outros), habilitado a conceber e desenvolver projetos inovadores de conte\u00fados e plataformas audiovisuais. O curso \u00e9&hellip;<\/p>\n","protected":false},"author":1,"featured_media":0,"parent":228,"menu_order":0,"comment_status":"closed","ping_status":"closed","template":"","meta":{"_bbp_topic_count":0,"_bbp_reply_count":0,"_bbp_total_topic_count":0,"_bbp_total_reply_count":0,"_bbp_voice_count":0,"_bbp_anonymous_reply_count":0,"_bbp_topic_count_hidden":0,"_bbp_reply_count_hidden":0,"_bbp_forum_subforum_count":0,"_exactmetrics_skip_tracking":false,"_exactmetrics_sitenote_active":false,"_exactmetrics_sitenote_note":"","_exactmetrics_sitenote_category":0,"jetpack_post_was_ever_published":false,"footnotes":""},"class_list":["post-1114","page","type-page","status-publish","hentry","description-off"],"yoast_head":"<!-- This site is optimized with the Yoast SEO plugin v22.0 - https:\/\/yoast.com\/wordpress\/plugins\/seo\/ -->\n<title>Perfil do Egresso - EAM UFSCar<\/title>\n<meta name=\"robots\" content=\"index, follow, max-snippet:-1, max-image-preview:large, max-video-preview:-1\" \/>\n<link rel=\"canonical\" href=\"http:\/\/geminisufscar.com.br\/especializacao\/apresentacao\/perfil-do-egresso\/\" class=\"yoast-seo-meta-tag\" \/>\n<meta property=\"og:locale\" content=\"pt_BR\" class=\"yoast-seo-meta-tag\" \/>\n<meta property=\"og:type\" content=\"article\" class=\"yoast-seo-meta-tag\" \/>\n<meta property=\"og:title\" content=\"Perfil do Egresso - EAM UFSCar\" class=\"yoast-seo-meta-tag\" \/>\n<meta property=\"og:description\" content=\"A P\u00f3s-Gradua\u00e7\u00e3o em Produ\u00e7\u00e3o de Conte\u00fados Audiovisuais Multiplataformas (EAM) da UFSCar, tem como objetivo a forma\u00e7\u00e3o de um produtor multiplataforma com uma vis\u00e3o integrada e abrangente do ecossistema transmidi\u00e1tico (tv, cinema, games, internet, redes sociais e dispositivos m\u00f3veis, entre outros), habilitado a conceber e desenvolver projetos inovadores de conte\u00fados e plataformas audiovisuais. O curso \u00e9&hellip;\" class=\"yoast-seo-meta-tag\" \/>\n<meta property=\"og:url\" content=\"http:\/\/geminisufscar.com.br\/especializacao\/apresentacao\/perfil-do-egresso\/\" class=\"yoast-seo-meta-tag\" \/>\n<meta property=\"og:site_name\" content=\"EAM UFSCar\" class=\"yoast-seo-meta-tag\" \/>\n<meta property=\"article:modified_time\" content=\"2021-12-29T12:40:03+00:00\" class=\"yoast-seo-meta-tag\" \/>\n<meta name=\"twitter:card\" content=\"summary_large_image\" class=\"yoast-seo-meta-tag\" \/>\n<meta name=\"twitter:label1\" content=\"Est. tempo de leitura\" class=\"yoast-seo-meta-tag\" \/>\n\t<meta name=\"twitter:data1\" content=\"1 minuto\" class=\"yoast-seo-meta-tag\" \/>\n<script type=\"application\/ld+json\" class=\"yoast-schema-graph\">{\"@context\":\"https:\/\/schema.org\",\"@graph\":[{\"@type\":\"WebPage\",\"@id\":\"http:\/\/geminisufscar.com.br\/especializacao\/apresentacao\/perfil-do-egresso\/\",\"url\":\"http:\/\/geminisufscar.com.br\/especializacao\/apresentacao\/perfil-do-egresso\/\",\"name\":\"Perfil do Egresso - EAM UFSCar\",\"isPartOf\":{\"@id\":\"http:\/\/geminisufscar.com.br\/especializacao\/#website\"},\"datePublished\":\"2019-01-16T11:36:28+00:00\",\"dateModified\":\"2021-12-29T12:40:03+00:00\",\"breadcrumb\":{\"@id\":\"http:\/\/geminisufscar.com.br\/especializacao\/apresentacao\/perfil-do-egresso\/#breadcrumb\"},\"inLanguage\":\"pt-BR\",\"potentialAction\":[{\"@type\":\"ReadAction\",\"target\":[\"http:\/\/geminisufscar.com.br\/especializacao\/apresentacao\/perfil-do-egresso\/\"]}]},{\"@type\":\"BreadcrumbList\",\"@id\":\"http:\/\/geminisufscar.com.br\/especializacao\/apresentacao\/perfil-do-egresso\/#breadcrumb\",\"itemListElement\":[{\"@type\":\"ListItem\",\"position\":1,\"name\":\"In\u00edcio\",\"item\":\"http:\/\/geminisufscar.com.br\/especializacao\/\"},{\"@type\":\"ListItem\",\"position\":2,\"name\":\"Apresenta\u00e7\u00e3o\",\"item\":\"http:\/\/geminisufscar.com.br\/especializacao\/apresentacao\/\"},{\"@type\":\"ListItem\",\"position\":3,\"name\":\"Perfil do Egresso\"}]},{\"@type\":\"WebSite\",\"@id\":\"http:\/\/geminisufscar.com.br\/especializacao\/#website\",\"url\":\"http:\/\/geminisufscar.com.br\/especializacao\/\",\"name\":\"EAM UFSCar\",\"description\":\"Especializa\u00e7\u00e3o em Produ\u00e7\u00e3o de Conte\u00fado Audiovisual para Multiplataformas\",\"potentialAction\":[{\"@type\":\"SearchAction\",\"target\":{\"@type\":\"EntryPoint\",\"urlTemplate\":\"http:\/\/geminisufscar.com.br\/especializacao\/?s={search_term_string}\"},\"query-input\":\"required name=search_term_string\"}],\"inLanguage\":\"pt-BR\"}]}<\/script>\n<!-- \/ Yoast SEO plugin. -->","yoast_head_json":{"title":"Perfil do Egresso - EAM UFSCar","robots":{"index":"index","follow":"follow","max-snippet":"max-snippet:-1","max-image-preview":"max-image-preview:large","max-video-preview":"max-video-preview:-1"},"canonical":"http:\/\/geminisufscar.com.br\/especializacao\/apresentacao\/perfil-do-egresso\/","og_locale":"pt_BR","og_type":"article","og_title":"Perfil do Egresso - EAM UFSCar","og_description":"A P\u00f3s-Gradua\u00e7\u00e3o em Produ\u00e7\u00e3o de Conte\u00fados Audiovisuais Multiplataformas (EAM) da UFSCar, tem como objetivo a forma\u00e7\u00e3o de um produtor multiplataforma com uma vis\u00e3o integrada e abrangente do ecossistema transmidi\u00e1tico (tv, cinema, games, internet, redes sociais e dispositivos m\u00f3veis, entre outros), habilitado a conceber e desenvolver projetos inovadores de conte\u00fados e plataformas audiovisuais. O curso \u00e9&hellip;","og_url":"http:\/\/geminisufscar.com.br\/especializacao\/apresentacao\/perfil-do-egresso\/","og_site_name":"EAM UFSCar","article_modified_time":"2021-12-29T12:40:03+00:00","twitter_card":"summary_large_image","twitter_misc":{"Est. tempo de leitura":"1 minuto"},"schema":{"@context":"https:\/\/schema.org","@graph":[{"@type":"WebPage","@id":"http:\/\/geminisufscar.com.br\/especializacao\/apresentacao\/perfil-do-egresso\/","url":"http:\/\/geminisufscar.com.br\/especializacao\/apresentacao\/perfil-do-egresso\/","name":"Perfil do Egresso - EAM UFSCar","isPartOf":{"@id":"http:\/\/geminisufscar.com.br\/especializacao\/#website"},"datePublished":"2019-01-16T11:36:28+00:00","dateModified":"2021-12-29T12:40:03+00:00","breadcrumb":{"@id":"http:\/\/geminisufscar.com.br\/especializacao\/apresentacao\/perfil-do-egresso\/#breadcrumb"},"inLanguage":"pt-BR","potentialAction":[{"@type":"ReadAction","target":["http:\/\/geminisufscar.com.br\/especializacao\/apresentacao\/perfil-do-egresso\/"]}]},{"@type":"BreadcrumbList","@id":"http:\/\/geminisufscar.com.br\/especializacao\/apresentacao\/perfil-do-egresso\/#breadcrumb","itemListElement":[{"@type":"ListItem","position":1,"name":"In\u00edcio","item":"http:\/\/geminisufscar.com.br\/especializacao\/"},{"@type":"ListItem","position":2,"name":"Apresenta\u00e7\u00e3o","item":"http:\/\/geminisufscar.com.br\/especializacao\/apresentacao\/"},{"@type":"ListItem","position":3,"name":"Perfil do Egresso"}]},{"@type":"WebSite","@id":"http:\/\/geminisufscar.com.br\/especializacao\/#website","url":"http:\/\/geminisufscar.com.br\/especializacao\/","name":"EAM UFSCar","description":"Especializa\u00e7\u00e3o em Produ\u00e7\u00e3o de Conte\u00fado Audiovisual para Multiplataformas","potentialAction":[{"@type":"SearchAction","target":{"@type":"EntryPoint","urlTemplate":"http:\/\/geminisufscar.com.br\/especializacao\/?s={search_term_string}"},"query-input":"required name=search_term_string"}],"inLanguage":"pt-BR"}]}},"jetpack_sharing_enabled":true,"jetpack_shortlink":"https:\/\/wp.me\/PaHuPb-hY","_links":{"self":[{"href":"http:\/\/geminisufscar.com.br\/especializacao\/wp-json\/wp\/v2\/pages\/1114","targetHints":{"allow":["GET"]}}],"collection":[{"href":"http:\/\/geminisufscar.com.br\/especializacao\/wp-json\/wp\/v2\/pages"}],"about":[{"href":"http:\/\/geminisufscar.com.br\/especializacao\/wp-json\/wp\/v2\/types\/page"}],"author":[{"embeddable":true,"href":"http:\/\/geminisufscar.com.br\/especializacao\/wp-json\/wp\/v2\/users\/1"}],"replies":[{"embeddable":true,"href":"http:\/\/geminisufscar.com.br\/especializacao\/wp-json\/wp\/v2\/comments?post=1114"}],"version-history":[{"count":10,"href":"http:\/\/geminisufscar.com.br\/especializacao\/wp-json\/wp\/v2\/pages\/1114\/revisions"}],"predecessor-version":[{"id":1699,"href":"http:\/\/geminisufscar.com.br\/especializacao\/wp-json\/wp\/v2\/pages\/1114\/revisions\/1699"}],"up":[{"embeddable":true,"href":"http:\/\/geminisufscar.com.br\/especializacao\/wp-json\/wp\/v2\/pages\/228"}],"wp:attachment":[{"href":"http:\/\/geminisufscar.com.br\/especializacao\/wp-json\/wp\/v2\/media?parent=1114"}],"curies":[{"name":"wp","href":"https:\/\/api.w.org\/{rel}","templated":true}]}}